{"id":170,"date":"2016-10-24T08:36:23","date_gmt":"2016-10-24T08:36:23","guid":{"rendered":"http:\/\/wp.gekakonus.net\/?page_id=170"},"modified":"2017-11-23T08:19:39","modified_gmt":"2017-11-23T08:19:39","slug":"unternehmen","status":"publish","type":"page","link":"https:\/\/gekakonus.net\/fr\/unternehmen\/","title":{"rendered":"L&rsquo;entreprise"},"content":{"rendered":"<p><\/p>\n<table style=\"width: 1376px;\">\n<tbody>\n<tr>\n<td style=\"width: 53.55px;\"><img decoding=\"async\" loading=\"lazy\" class=\"alignright size-full wp-image-658\" src=\"https:\/\/wp.gekakonus.net\/wp-content\/uploads\/2016\/10\/schweif3.png\" alt=\"\" width=\"45\" height=\"23\" \/><\/td>\n<td style=\"width: 1298.45px;\">\n<h1><b><strong>L&rsquo;entreprise<\/strong><\/b><\/h1>\n<\/td>\n<\/tr>\n<\/tbody>\n<\/table>\n<p>\u200b<\/p>\n<h3><b>\u00a0<img decoding=\"async\" loading=\"lazy\" class=\"alignright size-medium wp-image-171\" src=\"https:\/\/wp.gekakonus.net\/wp-content\/uploads\/2016\/10\/Gekalogo-300x300.png\" alt=\"gekalogo\" width=\"300\" height=\"300\" srcset=\"https:\/\/gekakonus.net\/wp-content\/uploads\/2016\/10\/Gekalogo-300x300.png 300w, https:\/\/gekakonus.net\/wp-content\/uploads\/2016\/10\/Gekalogo-150x150.png 150w, https:\/\/gekakonus.net\/wp-content\/uploads\/2016\/10\/Gekalogo.png 321w\" sizes=\"(max-width: 300px) 100vw, 300px\" \/><\/b><\/h3>\n<p>&nbsp;<\/p>\n<p>GekaKonus<sup><span class=\"text_klein\"><span style=\"font-size: small;\">\u00ae<\/span><\/span><\/sup> c&rsquo;est un nom de marque riche en traditions au secteur thermo technique industriel. Depuis le 01. Mars 2003 la soci\u00e9t\u00e9 Gekakonus GmbH poursuit les activit\u00e9s de la soci\u00e9t\u00e9 GekaKonus Energie- und Umwelttechnik GmbH &amp; Co. KG, de la soci\u00e9t\u00e9 Bertrams Konus \u00e0 Schwetzingen et de la soci\u00e9t\u00e9 Geka &#8211; W\u00e4rmetechnik sous une nouvelle g\u00e9rance.<\/p>\n<p>GekaKonus GmbH, c&rsquo;est une entreprise de taille moyenne avec 11 employ\u00e9s exp\u00e9riment\u00e9s, venant des anciennes branches d&rsquo;activit\u00e9 des soci\u00e9t\u00e9s Geka &#8211; W\u00e4rmetechnik et GekaKonus Energie- und Umwelttechnik GmbH &amp; Co. KG. Le chiffre d&rsquo;affaire est d&rsquo;environ 10 million Euro p. a.<\/p>\n<p>Sous la nouvelle g\u00e9rance, GekaKonus GmbH c&rsquo;est maintenant une entreprise qui poss\u00e8de une propre fabrication pour les secteurs de produit comme chaudi\u00e8res \u00e0 fluide thermique (THZ, GKV, GKH, KV et KH), chaudi\u00e8res \u00e0 gaz r\u00e9siduel (AKV et AKHT), chaudi\u00e8res \u00e0 vapeur haute pression (NUK &#8211; HP et NWK &#8211; HP), g\u00e9n\u00e9rateurs \u00e0 vapeur chauff\u00e9s indirect (DG), g\u00e9n\u00e9rateurs \u00e0 vapeur rapide (LSG) et accessoires.<\/p>\n<p>La gestion de projets et l&rsquo;ing\u00e9nierie pour les installations, la mise en service, la formation, la livraison des pi\u00e8ces de rechange et le service sont organis\u00e9s et fait par les collaborateurs de GekaKonus GmbH.<\/p>\n<p>&nbsp;<\/p>\n<p><\/p>","protected":false},"excerpt":{"rendered":"<p>L&rsquo;entreprise \u200b \u00a0 &nbsp; GekaKonus\u00ae c&rsquo;est un nom de marque riche en traditions au secteur thermo technique industriel. Depuis le 01. Mars 2003 la soci\u00e9t\u00e9 Gekakonus GmbH poursuit les activit\u00e9s de la soci\u00e9t\u00e9 GekaKonus Energie- und Umwelttechnik GmbH &amp; Co. KG, de la soci\u00e9t\u00e9 Bertrams Konus \u00e0 Schwetzingen et de la soci\u00e9t\u00e9 Geka &#8211; W\u00e4rmetechnik [&hellip;]<\/p>\n","protected":false},"author":1,"featured_media":0,"parent":0,"menu_order":0,"comment_status":"closed","ping_status":"closed","template":"","meta":[],"aioseo_notices":[],"_links":{"self":[{"href":"https:\/\/gekakonus.net\/fr\/wp-json\/wp\/v2\/pages\/170"}],"collection":[{"href":"https:\/\/gekakonus.net\/fr\/wp-json\/wp\/v2\/pages"}],"about":[{"href":"https:\/\/gekakonus.net\/fr\/wp-json\/wp\/v2\/types\/page"}],"author":[{"embeddable":true,"href":"https:\/\/gekakonus.net\/fr\/wp-json\/wp\/v2\/users\/1"}],"replies":[{"embeddable":true,"href":"https:\/\/gekakonus.net\/fr\/wp-json\/wp\/v2\/comments?post=170"}],"version-history":[{"count":5,"href":"https:\/\/gekakonus.net\/fr\/wp-json\/wp\/v2\/pages\/170\/revisions"}],"predecessor-version":[{"id":1488,"href":"https:\/\/gekakonus.net\/fr\/wp-json\/wp\/v2\/pages\/170\/revisions\/1488"}],"wp:attachment":[{"href":"https:\/\/gekakonus.net\/fr\/wp-json\/wp\/v2\/media?parent=170"}],"curies":[{"name":"wp","href":"https:\/\/api.w.org\/{rel}","templated":true}]}}