{"id":209,"date":"2016-11-28T10:59:26","date_gmt":"2016-11-28T10:59:26","guid":{"rendered":"http:\/\/wp.gekakonus.net\/?page_id=209"},"modified":"2017-04-20T08:13:16","modified_gmt":"2017-04-20T08:13:16","slug":"hochdruckdampferzeuger-im-offenen-dampfkondensatkreislauf","status":"publish","type":"page","link":"https:\/\/gekakonus.net\/fr\/produkte\/hochdruckdampferzeuger-im-offenen-dampfkondensatkreislauf\/","title":{"rendered":"Chaudi\u00e8re \u00e0 vapeur haute pression en circuit (vapeur\/condensat) ouvert"},"content":{"rendered":"<p><\/p>\n<p><img decoding=\"async\" loading=\"lazy\" class=\"size-full wp-image-211 aligncenter\" src=\"https:\/\/wp.gekakonus.net\/wp-content\/uploads\/2016\/11\/NWK-HP.jpg\" alt=\"nwk-hp\" width=\"500\" height=\"310\" srcset=\"https:\/\/gekakonus.net\/wp-content\/uploads\/2016\/11\/NWK-HP.jpg 500w, https:\/\/gekakonus.net\/wp-content\/uploads\/2016\/11\/NWK-HP-300x186.jpg 300w\" sizes=\"(max-width: 500px) 100vw, 500px\" \/><\/p>\n<h1><b>La Chaudi\u00e8re \u00e0 vapeur haute pression en circuit (vapeur\/condensat) ouvert<\/b><\/h1>\n<p>La base de la Chaudi\u00e8re \u00e0 vapeur haute pression en circuit (vapeur\/condensat) ouvert de type NWK-HP\u00a0c&rsquo;est la GekaKonus<sup><span class=\"text_klein\"><span style=\"font-size: small;\">\u00ae<\/span><\/span><\/sup> NUK-HP\u00a0modifi\u00e9e en combinaison avec un tube de pr\u00e9l\u00e8vement de la vapeur. Le syst\u00e8me NWK-HP\u00a0est appliqu\u00e9 dans les syst\u00e8mes de chauffage o\u00f9 un circuit condensat\/vapeur ferm\u00e9 ne peut pas utiliser..<\/p>\n<div>\n<h2>\u00a0<\/h2>\n<table class=\" alignleft\" style=\"border-color: #fa0202; background-color: #fc0303;\">\n<thead>\n<tr style=\"background-color: #f70505;\">\n<td><span style=\"font-family: arial,helvetica,sans-serif; font-size: 20px;\"><strong>Application\/Avantages<br \/>\n <\/strong><\/span><\/td>\n<\/tr>\n<\/thead>\n<\/table>\n<p>Applications<br \/>\n Le syst\u00e8me GekaKonus<sup><span class=\"text_klein\"><span style=\"font-size: small;\">\u00ae<\/span><\/span><\/sup> NWK-HP\u00a0est utilis\u00e9 dans le processus de chauffage. Le NWK-HP\u00a0est appliqu\u00e9 dans un syst\u00e8me qui exige des pressions de vapeur diff\u00e9rentes aux secteurs divers.<br \/>\n Les applications de GekaKonus<sup><span class=\"text_klein\"><span style=\"font-size: small;\">\u00ae<\/span><\/span><\/sup> Chaudi\u00e8re \u00e0 vapeur haute pression en circuit ouvert Type NWK-HP\u00a0sont: Fission sous pression thermique des mati\u00e8res grasses, Production d&rsquo;acide gras, Production de l&rsquo;eau de glyc\u00e9rine<\/p>\n<p>Avantages<br \/>\n Une pression de vapeur permanente et constante dans le tube de pr\u00e9l\u00e8vement garantie un soutirage de vapeur variable sans influence \u00e0 pression. La vapeur satur\u00e9 est s\u00e8che. Pas d&rsquo;entrainement de l&rsquo;eau de chaudi\u00e8re, si la quantit\u00e9 de vapeur pr\u00e9lev\u00e9 ne d\u00e9passe pas la puissance du NWK-HP. Plage de r\u00e9gulation assez grande est donn\u00e9e en fonction de type de bruleur choisi.<\/p>\n<p>Une gradation adapt\u00e9e aux besoins de client peut \u00eatre garantie.<\/p>\n<p>Informations techniques suppl\u00e9mentaires sont disponibles dans notre secteur t\u00e9l\u00e9chargement.<\/p>\n<\/div>\n<table style=\"border-color: #f50521; background-color: #fa0522;\">\n<tbody>\n<tr>\n<td><strong><span style=\"font-family: arial,helvetica,sans-serif; font-size: 20px;\">Fabrication\/Equipment<\/span><\/strong><\/td>\n<\/tr>\n<\/tbody>\n<\/table>\n<article class=\"accordion-lang380px\"><\/article>\n<article class=\"accordion-lang380px\">\n<p>Fabrication<br \/>\n L&rsquo;\u00e9quipement et la fabrication sont conforme \u00e0 la directive Europ\u00e9enne sur les \u00e9quipements sous pression (PED 2014\/68\/EU) ainsi que d&rsquo;autres r\u00e8glementations internationales telles que SELO, GOST-R, RTN, ASME, AS, etc.<\/p>\n<p>Equipement<br \/>\n L&rsquo;\u00e9quipement est fait pour une op\u00e9ration de 24 heures sans supervision.<\/p>\n<p>R\u00e9glage<br \/>\n Le r\u00e9glage d\u00e9pend de la pression. La pression de vapeur, mesur\u00e9e dans le tube de pr\u00e9l\u00e8vement, est la grandeur de r\u00e9f\u00e9rence pour le bruleur. Selon les fluctuations de la pression vapeur, la capacit\u00e9 de bruleur serra adapt\u00e9e.<\/p>\n<h3>Br\u00fbleur<\/h3>\n<p>Il est possible d&rsquo;\u00e9quiper le NWK-HP\u00ae avec des br\u00fbleurs pour combustibles gazeux comme gaz naturel, gaz liquide, biogaz et liquides ou avec des bruleurs de double fuel (gaz\/liquide). Le choix du bruleur d\u00e9pend de la puissance calorifique, du type de fuel et de la plage de r\u00e9gulation.<br \/>\n Le r\u00e9glage est modulant.<\/p>\n<p>Surveillance permanente:<\/p>\n<ul type=\"disc\">\n<li>Pression de vapeur &#8211; pression de control<\/li>\n<li>Pression de vapeur &#8211; pression maximale<\/li>\n<li>Eau de chaudi\u00e8re &#8211; niveau normal<\/li>\n<li>Eau de chaudi\u00e8re &#8211; niveau minimal<\/li>\n<li>Eau de chaudi\u00e8re &#8211; niveau maximal<\/li>\n<li>Temp\u00e9rature de gaz r\u00e9siduel<\/li>\n<li>Eau de chaudi\u00e8re &#8211; densit\u00e9<\/li>\n<li>Eau de chaudi\u00e8re &#8211; quantit\u00e9 d&rsquo;eau de purge<\/li>\n<\/ul>\n<p>Informations techniques suppl\u00e9mentaires sont disponibles dans notre secteur t\u00e9l\u00e9chargement.<\/p>\n<\/article>\n<table style=\"border-color: #fa0000; background-color: #fa0000;\">\n<tbody>\n<tr>\n<td><strong><span style=\"font-family: arial,helvetica,sans-serif; font-size: 20px;\">Donn\u00e9es techniques<\/span><\/strong><\/td>\n<\/tr>\n<\/tbody>\n<\/table>\n<div>\n<p>Plage de puissance:<\/p>\n<p>Quantit\u00e9 de vapeur satur\u00e9: jusqu&rsquo;\u00e0 24.000 kg\/h<br \/>\n Pression de service: 30 &#8211; 90 bars<\/p>\n<p>Informations techniques suppl\u00e9mentaires sont disponibles dans notre secteur t\u00e9l\u00e9chargement.<\/p>\n<\/div>\n<div>\u00a0<\/div>\n<table style=\"border-color: #fa0000; background-color: #fa0000;\">\n<tbody>\n<tr>\n<td><strong><span style=\"font-family: arial,helvetica,sans-serif; font-size: 20px;\">Diagramme P+I\/Sch\u00e9ma<\/span><\/strong><\/td>\n<\/tr>\n<\/tbody>\n<\/table>\n<div>\n<article class=\"accordion-lang260px\"><span style=\"font-family: arial,helvetica,sans-serif;\"><span style=\"font-family: arial,helvetica,sans-serif;\">\u00a0<\/span><\/span><\/article>\n<article class=\"accordion-lang260px\"><span style=\"font-family: arial,helvetica,sans-serif;\"><span style=\"font-family: arial,helvetica,sans-serif;\"><a href=\"https:\/\/wp.gekakonus.net\/wp-content\/uploads\/2016\/11\/diagramm_nwk1g.jpg\"><img decoding=\"async\" loading=\"lazy\" class=\"alignleft wp-image-214 size-thumbnail\" src=\"https:\/\/wp.gekakonus.net\/wp-content\/uploads\/2016\/11\/diagramm_nwk1g-150x150.jpg\" alt=\"diagramm_nwk1g\" width=\"150\" height=\"150\" \/><\/a><\/span><\/span><\/p>\n<table style=\"width: 677.83px;\">\n<tbody>\n<tr>\n<td style=\"width: 666.83px;\">\n<article class=\"accordion-lang260px\">1. soupape de vapeur<\/article>\n<article class=\"accordion-lang260px\">2. capteur de niveau pour r\u00e9glage de niveau d&rsquo;eau (niveau normal)<\/article>\n<article class=\"accordion-lang260px\">3. \u00e9lectrode de niveau d&rsquo;eau maxi. &#8211; ex\u00e9cution surveill\u00e9e automatique<\/article>\n<article class=\"accordion-lang260px\">4.\/5. \u00e9lectrode de niveau d&rsquo;eau mini &#8211; ex\u00e9cution surveill\u00e9 automatique<\/article>\n<article class=\"accordion-lang260px\">6. soupape de s\u00fbret\u00e9<\/article>\n<article class=\"accordion-lang260px\">7. vanne de purge<\/article>\n<article class=\"accordion-lang260px\">8. indicateur de niveau<\/article>\n<article class=\"accordion-lang260px\">9. thermostat de s\u00e9curit\u00e9 gaz r\u00e9siduel<\/article>\n<article class=\"accordion-lang260px\">10. manom\u00e8tre pression Vapeur<\/article>\n<article class=\"accordion-lang260px\">11. transmetteur de pression vapeur pour r\u00e9glage de la pression de Vapeur<\/article>\n<article class=\"accordion-lang260px\">12. manostat<\/article>\n<article class=\"accordion-lang260px\">13. \u00e9lectrode pour control de la conductivit\u00e9 d&rsquo;eau et r\u00e9glage de la quantit\u00e9 de d\u00e9concentration<\/article>\n<article class=\"accordion-lang260px\">13a. vanne de purge de d\u00e9concentration<\/article>\n<article class=\"accordion-lang260px\">14. refroidisseur de prise d&rsquo;\u00e9chantillons<\/article>\n<article class=\"accordion-lang260px\">15. pompe de remplissage<\/article>\n<article class=\"accordion-lang260px\">15a. stand-by pompe de remplissage<\/article>\n<article class=\"accordion-lang260px\">16. vanne d&rsquo;extraction du collecteur de condensat 1 (automatique)<\/article>\n<article class=\"accordion-lang260px\">16a. vanne d&rsquo;extraction du collecteur de condensat 2 (automatique)<\/article>\n<article class=\"accordion-lang260px\">17. vanne d&rsquo;extraction du collecteur principal (manuelle)<\/article>\n<article class=\"accordion-lang260px\">18. eau de refroidissement<\/article>\n<article class=\"accordion-lang260px\">19. eau d&rsquo;alimentation entr\u00e9e<\/article>\n<article class=\"accordion-lang260px\">20. eau r\u00e9siduaire<\/article>\n<\/td>\n<\/tr>\n<\/tbody>\n<\/table>\n<\/article>\n<\/div>\n<article class=\"accordion-lang260px\">\n<p>Informations techniques suppl\u00e9mentaires sont disponibles dans notre secteur t\u00e9l\u00e9chargement.<\/p>\n<\/article>\n<p><\/p>","protected":false},"excerpt":{"rendered":"<p>La Chaudi\u00e8re \u00e0 vapeur haute pression en circuit (vapeur\/condensat) ouvert La base de la Chaudi\u00e8re \u00e0 vapeur haute pression en circuit (vapeur\/condensat) ouvert de type NWK-HP\u00a0c&rsquo;est la GekaKonus\u00ae NUK-HP\u00a0modifi\u00e9e en combinaison avec un tube de pr\u00e9l\u00e8vement de la vapeur. Le syst\u00e8me NWK-HP\u00a0est appliqu\u00e9 dans les syst\u00e8mes de chauffage o\u00f9 un circuit condensat\/vapeur ferm\u00e9 ne peut [&hellip;]<\/p>\n","protected":false},"author":1,"featured_media":0,"parent":27,"menu_order":0,"comment_status":"closed","ping_status":"closed","template":"","meta":[],"aioseo_notices":[],"_links":{"self":[{"href":"https:\/\/gekakonus.net\/fr\/wp-json\/wp\/v2\/pages\/209"}],"collection":[{"href":"https:\/\/gekakonus.net\/fr\/wp-json\/wp\/v2\/pages"}],"about":[{"href":"https:\/\/gekakonus.net\/fr\/wp-json\/wp\/v2\/types\/page"}],"author":[{"embeddable":true,"href":"https:\/\/gekakonus.net\/fr\/wp-json\/wp\/v2\/users\/1"}],"replies":[{"embeddable":true,"href":"https:\/\/gekakonus.net\/fr\/wp-json\/wp\/v2\/comments?post=209"}],"version-history":[{"count":4,"href":"https:\/\/gekakonus.net\/fr\/wp-json\/wp\/v2\/pages\/209\/revisions"}],"predecessor-version":[{"id":1274,"href":"https:\/\/gekakonus.net\/fr\/wp-json\/wp\/v2\/pages\/209\/revisions\/1274"}],"up":[{"embeddable":true,"href":"https:\/\/gekakonus.net\/fr\/wp-json\/wp\/v2\/pages\/27"}],"wp:attachment":[{"href":"https:\/\/gekakonus.net\/fr\/wp-json\/wp\/v2\/media?parent=209"}],"curies":[{"name":"wp","href":"https:\/\/api.w.org\/{rel}","templated":true}]}}