{"id":217,"date":"2016-11-28T11:14:27","date_gmt":"2016-11-28T11:14:27","guid":{"rendered":"http:\/\/wp.gekakonus.net\/?page_id=217"},"modified":"2017-04-27T15:10:05","modified_gmt":"2017-04-27T15:10:05","slug":"schnelldampferzeuger","status":"publish","type":"page","link":"https:\/\/gekakonus.net\/fr\/produkte\/schnelldampferzeuger\/","title":{"rendered":"G\u00e9n\u00e9rateur \u00e0 vapeur rapide"},"content":{"rendered":"<p><\/p>\n<h2><img decoding=\"async\" loading=\"lazy\" class=\"size-full wp-image-220 aligncenter\" src=\"https:\/\/wp.gekakonus.net\/wp-content\/uploads\/2016\/11\/LSG-HP.jpg\" alt=\"lsg-hp\" width=\"500\" height=\"293\" srcset=\"https:\/\/gekakonus.net\/wp-content\/uploads\/2016\/11\/LSG-HP.jpg 500w, https:\/\/gekakonus.net\/wp-content\/uploads\/2016\/11\/LSG-HP-300x176.jpg 300w\" sizes=\"(max-width: 500px) 100vw, 500px\" \/><\/h2>\n<h1>Le g\u00e9n\u00e9rateur de vapeur rapid LSG-HP<\/h1>\n<p>Le LSG-HP c&rsquo;est un g\u00e9n\u00e9rateur de vapeur qui travaille dans une circulation forc\u00e9e \u00e0 trois pas de fum\u00e9. Il consiste de deux syst\u00e8mes de tubes coaxiaux arrang\u00e9s en s\u00e9rie. L&rsquo;eau d&rsquo;alimentation serra aliment\u00e9e dans le syst\u00e8me de tubes par de(s) pompe (s) \u00e0 pignon.<\/p>\n<div>\n<h2>\u00a0<\/h2>\n<table class=\" alignleft\" style=\"border-color: #fa0202; background-color: #fc0303;\">\n<thead>\n<tr style=\"background-color: #f70505;\">\n<td><span style=\"font-family: arial,helvetica,sans-serif; font-size: 20px;\"><strong>Application\/Avantages<br \/>\n <\/strong><\/span><\/td>\n<\/tr>\n<\/thead>\n<\/table>\n<p>Applications<br \/>\n Le syst\u00e8me LSG-HP est appliqu\u00e9 dans lequel une utilisation d&rsquo;une chaudi\u00e8re \u00e0 vapeur \u00e0 haute pression en circuit ferm\u00e9 n&rsquo;est pas possible.<br \/>\n C.-\u00e0-d. dans les applications dans lequelles de la vapeur avec des pressions et des quantit\u00e9s diff\u00e9rents est demand\u00e9.<\/p>\n<p>Avantages<\/p>\n<ul type=\"disc\">\n<li>En raison d&rsquo;un content d\u00b9eau assez petit, le LSG-HP a une disponibilit\u00e9 rapide<\/li>\n<li>Le vapeur satur\u00e9 a un faible content d&rsquo;humidit\u00e9 r\u00e9siduelle et de sel dissous<\/li>\n<li>Le contr\u00f4le de la temp\u00e9rature de vapeur et la signalisation prot\u00e8ge la tuyauterie dans la chambre de combustion contre la surchauffe<\/li>\n<li>Les pompes sont prot\u00e9g\u00e9es contre la cavitation par un contr\u00f4le de pression<\/li>\n<li>Le r\u00e9glage de capacit\u00e9 ce fait modulant ou \u00e0 2 paliers<\/li>\n<li>L&rsquo;ex\u00e9cution permet des conditions de travail bonnes pour mise en service et maintenance. Le br\u00fbleur, les instruments et les accessoires sont positionn\u00e9s en sorte qu&rsquo;un travail sans encombre est possible<\/li>\n<li>Il n&rsquo;y a pas une ma\u00e7onnerie dans la chambre de combustion. Une vaporisation incontr\u00f4l\u00e9e apr\u00e8s une arr\u00eate d&rsquo;urgence est impossible<\/li>\n<\/ul>\n<p>Informations techniques suppl\u00e9mentaires sont disponibles dans notre secteur t\u00e9l\u00e9chargement.<\/p>\n<\/div>\n<table style=\"border-color: #f50521; background-color: #fa0522;\">\n<tbody>\n<tr>\n<td><strong><span style=\"font-family: arial,helvetica,sans-serif; font-size: 20px;\">Fabrication\/Equipment<\/span><\/strong><\/td>\n<\/tr>\n<\/tbody>\n<\/table>\n<article class=\"accordion-lang380px\"><\/article>\n<article class=\"accordion-lang380px\">\n<p>Fabrication\/Equipement<br \/>\n L&rsquo;\u00e9quipement et la fabrication sont conforme \u00e0 la directive Europ\u00e9enne sur les \u00e9quipements sous pression (PED 2014\/68\/EU) ainsi que d&rsquo;autres r\u00e8glementations internationales telles que SELO, GOST-R, RTN, ASME, AS, etc<\/p>\n<p> R\u00e9glage<br \/>\n Le r\u00e9glage d\u00e9pend de la pression. La pression de vapeur est la grandeur de r\u00e9f\u00e9rence pour le bruleur. Selon les fluctuations de la pression vapeur, la capacit\u00e9 de bruleur serra adapt\u00e9e. La pompe d\u00b9alimentation et le bruleur sont coupl\u00e9s en fonction de la quantit\u00e9 de vapeur utilis\u00e9e.<\/p>\n<p> Br\u00fbleur<\/p>\n<p>\n Il est possible d&rsquo;\u00e9quiper le LSG-HP avec des br\u00fbleurs pour combustibles gazeux comme gaz naturel, gaz liquide, biogaz et liquides ou avec des bruleurs de double fuel (gaz\/liquide). Le choix du bruleur d\u00e9pend de la puissance calorifique, du type de fuel et de la plage de r\u00e9gulation. Le r\u00e9glage est modulant.<\/p>\n<p>Surveillance permanente<\/p>\n<ul type=\"disc\">\n<li>Pression de vapeur &#8211; pression de control<\/li>\n<li>Pression de vapeur &#8211; pression maximale<\/li>\n<li>Temp\u00e9rature de vapeur &#8211; sur chauffage<\/li>\n<li>Temp\u00e9rature d&rsquo;eau d\u00b9alimentation \u00ad minimale<\/li>\n<li>Eau de chaudi\u00e8re &#8211; niveau maximal<\/li>\n<li>Temp\u00e9rature de gaz r\u00e9siduel &#8211; maximale<\/li>\n<li>Quantit\u00e9 d\u00b9eau de purge &#8211; permanent<\/li>\n<li>Bruleur &#8211; control de flamme<\/li>\n<\/ul>\n<p>Purge permanente<br \/>\n La purge d&rsquo;eau d&rsquo;alimentation c\u00b9est fait en continu. La purge est n\u00e9cessaire pour obtenir une alimentation de vapeur sec et sans des sels dissous.<\/p>\n<p>Arr\u00eate automatique<br \/>\n Dans le cas d&rsquo;une signalisation de d\u00e9fauts les \u00e9l\u00e9ments de s\u00e9curit\u00e9s arr\u00eatent le LSG-HP et le verrouillent. La signalisation de d\u00e9fauts est affich\u00e9e acoustiquement et visuellement.<\/p>\n<p> Informations techniques suppl\u00e9mentaires sont disponibles dans notre secteur t\u00e9l\u00e9chargement.<\/p>\n<\/article>\n<table style=\"border-color: #fa0000; background-color: #fa0000;\">\n<tbody>\n<tr>\n<td><strong><span style=\"font-family: arial,helvetica,sans-serif; font-size: 20px;\">Donn\u00e9es techniques<\/span><\/strong><\/td>\n<\/tr>\n<\/tbody>\n<\/table>\n<div>\n<p>Plage de puissance<br \/>\n Puissance : jusqu&rsquo;\u00e0 3.400 KW<br \/>\n Quantit\u00e9 de vapeur satur\u00e9 : jusqu&rsquo;\u00e0 3.500kg\/h<br \/>\n Pression de service : 30 &#8211; 90 bars<\/p>\n<p> Informations techniques suppl\u00e9mentaires sont disponibles dans notre secteur t\u00e9l\u00e9chargement.<\/p>\n<\/div>\n<div>\u00a0<\/div>\n<table style=\"border-color: #fa0000; background-color: #fa0000;\">\n<tbody>\n<tr>\n<td><strong><span style=\"font-family: arial,helvetica,sans-serif; font-size: 20px;\">Diagramme P+I\/Sch\u00e9ma<\/span><\/strong><\/td>\n<\/tr>\n<\/tbody>\n<\/table>\n<div>\n<article class=\"accordion-lang260px\"><span style=\"font-family: arial,helvetica,sans-serif;\"><span style=\"font-family: arial,helvetica,sans-serif;\"><a href=\"https:\/\/wp.gekakonus.net\/wp-content\/uploads\/2016\/11\/diagramm_lsg1g.png\"><br \/>\n <\/a><a href=\"https:\/\/wp.gekakonus.net\/wp-content\/uploads\/2016\/11\/diagramm_lsg1g.png\"><img decoding=\"async\" loading=\"lazy\" class=\"alignleft wp-image-226 size-thumbnail\" src=\"https:\/\/wp.gekakonus.net\/wp-content\/uploads\/2016\/11\/diagramm_lsg1g-150x150.png\" width=\"150\" height=\"150\" \/><\/a><\/span><\/span><\/article>\n<\/div>\n<article class=\"accordion-lang260px\">\n<table style=\"width: 657.16px;\">\n<tbody>\n<tr>\n<td style=\"width: 648.16px;\">6. thermostat de s\u00e9curit\u00e9 &#8211; gaz r\u00e9siduel et indication <br \/>\n 8. limiteur de pression &#8211; Vapeur <br \/>\n 9. manostat &#8211; Vapeur <br \/>\n 10a. thermostat &#8211; vapeur et indication <br \/>\n 10b. thermostat &#8211; vapeur et indication <br \/>\n 12. manom\u00e8tre &#8211; Vapeur <br \/>\n 13. vanne de rin\u00e7age en retour <br \/>\n 14. indicateur de temp\u00e9rature &#8211; eau d&rsquo;alimentation <br \/>\n 15. manom\u00e8tre &#8211; eau d&rsquo;alimentation <br \/>\n 16a. pompe d&rsquo;eau d&rsquo;alimentation <br \/>\n 16b. pompe d&rsquo;eau d&rsquo;alimentation (stand-by) <br \/>\n 17. soupape de vidange <br \/>\n 18. purgeur de condensat <br \/>\n 20. verre de regard <br \/>\n 21. manostat &#8211; pression d&rsquo;eau d&rsquo;alimentation basse <br \/>\n 22. soupape de Vapeur <br \/>\n 23. soupape de s\u00fbret\u00e9 &#8211; Vapeur <br \/>\n 24. soupape de s\u00fbret\u00e9 &#8211; eau d&rsquo;alimentation <br \/>\n 25. soupape de non retour <br \/>\n 26. vanne eau d&rsquo;alimentation <br \/>\n 26a. vanne eau d&rsquo;alimentation <br \/>\n 26b. vanne eau d&rsquo;alimentation <br \/>\n 27a. filtre &#8211; eau d&rsquo;alimentation <br \/>\n 27b. filtre &#8211; eau d&rsquo;alimentation <br \/>\n 28a. vanne eau d&rsquo;alimentation <br \/>\n 28b. vanne eau d&rsquo;alimentation <br \/>\n 33. sortie &#8211; Vapeur <br \/>\n 34. entr\u00e9e &#8211; eau d&rsquo;alimentation<\/td>\n<\/tr>\n<\/tbody>\n<\/table>\n<\/article>\n<article class=\"accordion-lang260px\"><\/article>\n<p><\/p>","protected":false},"excerpt":{"rendered":"<p>Le g\u00e9n\u00e9rateur de vapeur rapid LSG-HP Le LSG-HP c&rsquo;est un g\u00e9n\u00e9rateur de vapeur qui travaille dans une circulation forc\u00e9e \u00e0 trois pas de fum\u00e9. Il consiste de deux syst\u00e8mes de tubes coaxiaux arrang\u00e9s en s\u00e9rie. L&rsquo;eau d&rsquo;alimentation serra aliment\u00e9e dans le syst\u00e8me de tubes par de(s) pompe (s) \u00e0 pignon. \u00a0 Application\/Avantages Applications Le syst\u00e8me [&hellip;]<\/p>\n","protected":false},"author":1,"featured_media":0,"parent":27,"menu_order":0,"comment_status":"closed","ping_status":"closed","template":"","meta":[],"aioseo_notices":[],"_links":{"self":[{"href":"https:\/\/gekakonus.net\/fr\/wp-json\/wp\/v2\/pages\/217"}],"collection":[{"href":"https:\/\/gekakonus.net\/fr\/wp-json\/wp\/v2\/pages"}],"about":[{"href":"https:\/\/gekakonus.net\/fr\/wp-json\/wp\/v2\/types\/page"}],"author":[{"embeddable":true,"href":"https:\/\/gekakonus.net\/fr\/wp-json\/wp\/v2\/users\/1"}],"replies":[{"embeddable":true,"href":"https:\/\/gekakonus.net\/fr\/wp-json\/wp\/v2\/comments?post=217"}],"version-history":[{"count":7,"href":"https:\/\/gekakonus.net\/fr\/wp-json\/wp\/v2\/pages\/217\/revisions"}],"predecessor-version":[{"id":1320,"href":"https:\/\/gekakonus.net\/fr\/wp-json\/wp\/v2\/pages\/217\/revisions\/1320"}],"up":[{"embeddable":true,"href":"https:\/\/gekakonus.net\/fr\/wp-json\/wp\/v2\/pages\/27"}],"wp:attachment":[{"href":"https:\/\/gekakonus.net\/fr\/wp-json\/wp\/v2\/media?parent=217"}],"curies":[{"name":"wp","href":"https:\/\/api.w.org\/{rel}","templated":true}]}}