{"id":228,"date":"2016-11-28T13:44:02","date_gmt":"2016-11-28T13:44:02","guid":{"rendered":"http:\/\/wp.gekakonus.net\/?page_id=228"},"modified":"2017-04-20T08:17:16","modified_gmt":"2017-04-20T08:17:16","slug":"dampfgenerator","status":"publish","type":"page","link":"https:\/\/gekakonus.net\/fr\/produkte\/dampfgenerator\/","title":{"rendered":"G\u00e9n\u00e9rateur \u00e0 vapeur"},"content":{"rendered":"<p><\/p>\n<p><img decoding=\"async\" loading=\"lazy\" class=\"size-full wp-image-229 aligncenter\" src=\"https:\/\/wp.gekakonus.net\/wp-content\/uploads\/2016\/11\/Dampfgenerator.jpg\" alt=\"dampfgenerator\" width=\"500\" height=\"310\" srcset=\"https:\/\/gekakonus.net\/wp-content\/uploads\/2016\/11\/Dampfgenerator.jpg 500w, https:\/\/gekakonus.net\/wp-content\/uploads\/2016\/11\/Dampfgenerator-300x186.jpg 300w\" sizes=\"(max-width: 500px) 100vw, 500px\" \/><\/p>\n<h1>Le g\u00e9n\u00e9rateur de Vapeur DG<\/h1>\n<p>Le GekaKonus<sup><span class=\"text_klein\"><span style=\"font-size: small;\">\u00ae<\/span><\/span><\/sup> g\u00e9n\u00e9rateur de vapeur c&rsquo;est un g\u00e9n\u00e9rateur qui est chauff\u00e9 du par fluide thermique chaud.<\/p>\n<div>\n<h2>\u00a0<\/h2>\n<table class=\" alignleft\" style=\"border-color: #fa0202; background-color: #fc0303;\">\n<thead>\n<tr style=\"background-color: #f70505;\">\n<td><span style=\"font-family: arial,helvetica,sans-serif; font-size: 20px;\"><strong>Application\/Avantages<br \/>\n <\/strong><\/span><\/td>\n<\/tr>\n<\/thead>\n<\/table>\n<p>\n On peut r\u00e9aliser une production de vapeur jusqu&rsquo;\u00e0 25 t\/h et une pression de service, cot\u00e9 vapeur, de 20 bars.<\/p>\n<p>L&rsquo;ex\u00e9cution, le calcul thermique et l&rsquo;\u00e9quipement technique sont faits selon la sp\u00e9cification de client.<\/p>\n<p>Informations techniques suppl\u00e9mentaires sont disponibles dans notre secteur t\u00e9l\u00e9chargement.<\/p>\n<\/div>\n<table style=\"border-color: #f50521; background-color: #fa0522;\">\n<tbody>\n<tr>\n<td><strong><span style=\"font-family: arial,helvetica,sans-serif; font-size: 20px;\">Fabrication\/Equipment<\/span><\/strong><\/td>\n<\/tr>\n<\/tbody>\n<\/table>\n<article class=\"accordion-lang380px\"><\/article>\n<article class=\"accordion-lang380px\">L&rsquo;\u00e9quipement et la fabrication sont conforme \u00e0 la directive Europ\u00e9enne sur les \u00e9quipements sous pression (PED 2014\/68\/EU) ainsi que d&rsquo;autres r\u00e8glementations internationales telles que SELO, GOST-R, RTN, ASME, AS etc.<\/p>\n<p>Informations techniques suppl\u00e9mentaires sont disponibles dans notre secteur t\u00e9l\u00e9chargement.<\/p>\n<\/article>\n<article class=\"accordion-lang380px\"><\/article>\n<table style=\"border-color: #fa0000; background-color: #fa0000;\">\n<tbody>\n<tr>\n<td><strong><span style=\"font-family: arial,helvetica,sans-serif; font-size: 20px;\">Donn\u00e9es techniques<\/span><\/strong><\/td>\n<\/tr>\n<\/tbody>\n<\/table>\n<div>On peut r\u00e9aliser:<\/p>\n<p>quantit\u00e9 de vapeur: jusqu&rsquo;\u00e0 25 t\/h<br \/>\n pression de service, cot\u00e9 vapeur: jusqu&rsquo;au 20 bars<\/p>\n<p>L&rsquo;ex\u00e9cution, le calcul thermique et l&rsquo;\u00e9quipement technique sont faits selon la sp\u00e9cification de client.<\/p>\n<p>Informations techniques suppl\u00e9mentaires sont disponibles dans notre secteur t\u00e9l\u00e9chargement.\u00a0<\/p>\n<\/div>\n<table style=\"border-color: #fa0000; background-color: #fa0000;\">\n<tbody>\n<tr>\n<td><strong><span style=\"font-family: arial,helvetica,sans-serif; font-size: 20px;\">Diagramme P+I\/Sch\u00e9ma<\/span><\/strong><\/td>\n<\/tr>\n<\/tbody>\n<\/table>\n<div>\n<article class=\"accordion-lang260px\"><span style=\"font-family: arial,helvetica,sans-serif;\"><img decoding=\"async\" loading=\"lazy\" class=\"alignleft size-full wp-image-232\" src=\"https:\/\/wp.gekakonus.net\/wp-content\/uploads\/2016\/11\/diagramm_dg2_2013.jpg\" alt=\"diagramm_dg2_2013\" width=\"610\" height=\"480\" srcset=\"https:\/\/gekakonus.net\/wp-content\/uploads\/2016\/11\/diagramm_dg2_2013.jpg 610w, https:\/\/gekakonus.net\/wp-content\/uploads\/2016\/11\/diagramm_dg2_2013-300x236.jpg 300w\" sizes=\"(max-width: 610px) 100vw, 610px\" \/><\/span><\/article>\n<\/div>\n<article class=\"accordion-lang260px\"><\/article>\n<article class=\"accordion-lang260px\"><\/article>\n<article class=\"accordion-lang260px\"><\/article>\n<article class=\"accordion-lang260px\"><\/article>\n<article class=\"accordion-lang260px\"><\/article>\n<article class=\"accordion-lang260px\"><\/article>\n<article class=\"accordion-lang260px\"><\/article>\n<article class=\"accordion-lang260px\"><\/article>\n<article class=\"accordion-lang260px\"><\/article>\n<article class=\"accordion-lang260px\"><\/article>\n<article class=\"accordion-lang260px\"><\/article>\n<article class=\"accordion-lang260px\"><\/article>\n<article class=\"accordion-lang260px\"><\/article>\n<article class=\"accordion-lang260px\"><\/article>\n<article class=\"accordion-lang260px\"><\/article>\n<article class=\"accordion-lang260px\"><\/article>\n<article class=\"accordion-lang260px\"><\/article>\n<article class=\"accordion-lang260px\"><\/article>\n<article class=\"accordion-lang260px\"><\/article>\n<article class=\"accordion-lang260px\"><\/article>\n<article class=\"accordion-lang260px\"><\/article>\n<article class=\"accordion-lang260px\"><\/article>\n<article class=\"accordion-lang260px\"><\/article>\n<article class=\"accordion-lang260px\"><\/article>\n<article class=\"accordion-lang260px\"><\/article>\n<article class=\"accordion-lang260px\"><\/article>\n<article class=\"accordion-lang260px\">\n<p>Informations techniques suppl\u00e9mentaires sont disponibles dans notre secteur t\u00e9l\u00e9chargement.<\/p>\n<\/article>\n<p><\/p>","protected":false},"excerpt":{"rendered":"<p>Le g\u00e9n\u00e9rateur de Vapeur DG Le GekaKonus\u00ae g\u00e9n\u00e9rateur de vapeur c&rsquo;est un g\u00e9n\u00e9rateur qui est chauff\u00e9 du par fluide thermique chaud. \u00a0 Application\/Avantages On peut r\u00e9aliser une production de vapeur jusqu&rsquo;\u00e0 25 t\/h et une pression de service, cot\u00e9 vapeur, de 20 bars. L&rsquo;ex\u00e9cution, le calcul thermique et l&rsquo;\u00e9quipement technique sont faits selon la sp\u00e9cification [&hellip;]<\/p>\n","protected":false},"author":1,"featured_media":0,"parent":27,"menu_order":0,"comment_status":"closed","ping_status":"closed","template":"","meta":[],"aioseo_notices":[],"_links":{"self":[{"href":"https:\/\/gekakonus.net\/fr\/wp-json\/wp\/v2\/pages\/228"}],"collection":[{"href":"https:\/\/gekakonus.net\/fr\/wp-json\/wp\/v2\/pages"}],"about":[{"href":"https:\/\/gekakonus.net\/fr\/wp-json\/wp\/v2\/types\/page"}],"author":[{"embeddable":true,"href":"https:\/\/gekakonus.net\/fr\/wp-json\/wp\/v2\/users\/1"}],"replies":[{"embeddable":true,"href":"https:\/\/gekakonus.net\/fr\/wp-json\/wp\/v2\/comments?post=228"}],"version-history":[{"count":4,"href":"https:\/\/gekakonus.net\/fr\/wp-json\/wp\/v2\/pages\/228\/revisions"}],"predecessor-version":[{"id":1260,"href":"https:\/\/gekakonus.net\/fr\/wp-json\/wp\/v2\/pages\/228\/revisions\/1260"}],"up":[{"embeddable":true,"href":"https:\/\/gekakonus.net\/fr\/wp-json\/wp\/v2\/pages\/27"}],"wp:attachment":[{"href":"https:\/\/gekakonus.net\/fr\/wp-json\/wp\/v2\/media?parent=228"}],"curies":[{"name":"wp","href":"https:\/\/api.w.org\/{rel}","templated":true}]}}