{"id":235,"date":"2016-11-28T13:49:08","date_gmt":"2016-11-28T13:49:08","guid":{"rendered":"http:\/\/wp.gekakonus.net\/?page_id=235"},"modified":"2017-04-20T08:07:27","modified_gmt":"2017-04-20T08:07:27","slug":"abhitzekessel","status":"publish","type":"page","link":"https:\/\/gekakonus.net\/fr\/produkte\/abhitzekessel\/","title":{"rendered":"Chaudi\u00e8re \u00e0 gaz r\u00e9siduel"},"content":{"rendered":"<p><\/p>\n<h2><img decoding=\"async\" loading=\"lazy\" class=\"size-full wp-image-236 aligncenter\" src=\"https:\/\/wp.gekakonus.net\/wp-content\/uploads\/2016\/11\/Abhitzekessel.jpg\" alt=\"abhitzekessel\" width=\"500\" height=\"310\" srcset=\"https:\/\/gekakonus.net\/wp-content\/uploads\/2016\/11\/Abhitzekessel.jpg 500w, https:\/\/gekakonus.net\/wp-content\/uploads\/2016\/11\/Abhitzekessel-300x186.jpg 300w\" sizes=\"(max-width: 500px) 100vw, 500px\" \/><\/h2>\n<h1>Les chaudi\u00e8res \u00e0 gaz r\u00e9siduel AKHT-M<\/h1>\n<p>Les GekaKonus<sup><span class=\"text_klein\"><span style=\"font-size: small;\">\u00ae<\/span><\/span><\/sup> chaudi\u00e8res \u00e0 gaz r\u00e9siduel servent \u00e0 l&rsquo;utilisation \u00e9conomique des gaz r\u00e9siduels.<\/p>\n<div>\n<h2>\u00a0<\/h2>\n<table class=\" alignleft\" style=\"border-color: #fa0202; background-color: #fc0303;\">\n<thead>\n<tr style=\"background-color: #f70505;\">\n<td><span style=\"font-family: arial,helvetica,sans-serif; font-size: 20px;\"><strong>Application\/Avantages<\/strong><\/span><\/td>\n<\/tr>\n<\/thead>\n<\/table>\n<\/div>\n<div>\u00a0<\/div>\n<div>Des diff\u00e9rents fluides caloporteurs peuvent \u00eatre r\u00e9chauff\u00e9s par ce type de chaudi\u00e8re :<\/p>\n<p>Huile thermique de 100\u00b0C &#8211; 350\u00b0C<br \/>\n Eau chaude de 70\u00b0C &#8211; 265\u00b0C<\/p>\n<p>GekaKonus<sup><span class=\"text_klein\"><span style=\"font-size: small;\">\u00ae<\/span><\/span><\/sup> a d\u00e9velopp\u00e9, en fonction d&rsquo;application, des diff\u00e9rents types des Chaudi\u00e8res.<\/p>\n<p>Informations techniques suppl\u00e9mentaires sont disponibles dans notre secteur t\u00e9l\u00e9chargement.<\/p>\n<\/div>\n<div>\u00a0<\/div>\n<table style=\"border-color: #f50521; background-color: #fa0522;\">\n<tbody>\n<tr>\n<td><strong><span style=\"font-family: arial,helvetica,sans-serif; font-size: 20px;\">Fabrication\/Equipment<\/span><\/strong><\/td>\n<\/tr>\n<\/tbody>\n<\/table>\n<article class=\"accordion-lang380px\"><\/article>\n<article class=\"accordion-lang380px\">L&rsquo;\u00e9quipement et la fabrication sont conforme \u00e0 la directive Europ\u00e9enne sur les \u00e9quipements sous pression (PED 2014\/68\/EU) ainsi que d&rsquo;autres r\u00e8glementations internationales telles que SELO, GOST-R, RTN, ASME, AS etc.<\/p>\n<p>Informations techniques suppl\u00e9mentaires sont disponibles dans notre secteur t\u00e9l\u00e9chargement.<\/p>\n<\/article>\n<article class=\"accordion-lang380px\"><\/article>\n<article class=\"accordion-lang380px\"><\/article>\n<table style=\"border-color: #fa0000; background-color: #fa0000;\">\n<tbody>\n<tr>\n<td><strong><span style=\"font-family: arial,helvetica,sans-serif; font-size: 20px;\">Donn\u00e9es techniques<\/span><\/strong><\/td>\n<\/tr>\n<\/tbody>\n<\/table>\n<div>On peut r\u00e9aliser des puissances suivantes:<\/p>\n<p> D\u00e9bit de gaz r\u00e9siduels: jusqu&rsquo;\u00e0 80.000 Nm<sup><span style=\"font-size: small;\">3<\/span><\/sup>\/h<br \/>\n Temp\u00e9rature de gaz r\u00e9siduels: jusqu&rsquo;\u00e0 1200\u00b0C<\/p>\n<p>L&rsquo;ex\u00e9cution, le calcul thermique et l&rsquo;\u00e9quipement technique sont faits selon la sp\u00e9cification de client.<\/p>\n<p>Informations techniques suppl\u00e9mentaires sont disponibles dans notre secteur t\u00e9l\u00e9chargement.<\/p>\n<\/div>\n<div>\u00a0<\/div>\n<table style=\"border-color: #fa0000; background-color: #fa0000;\">\n<tbody>\n<tr>\n<td><strong><span style=\"font-family: arial,helvetica,sans-serif; font-size: 20px;\">Diagramme P+I\/Sch\u00e9ma<\/span><\/strong><\/td>\n<\/tr>\n<\/tbody>\n<\/table>\n<div>\n<article class=\"accordion-lang260px\"><span style=\"font-family: arial,helvetica,sans-serif;\"><a href=\"https:\/\/wp.gekakonus.net\/wp-content\/uploads\/2016\/11\/diagramm_akh2_2013.jpg\"><img decoding=\"async\" loading=\"lazy\" class=\"alignleft wp-image-238 size-thumbnail\" src=\"https:\/\/wp.gekakonus.net\/wp-content\/uploads\/2016\/11\/diagramm_akh2_2013-150x150.jpg\" width=\"150\" height=\"150\" \/><\/a><\/span><\/article>\n<article class=\"accordion-lang260px\">\n<p>Informations techniques suppl\u00e9mentaires sont disponibles dans notre secteur t\u00e9l\u00e9chargement.<\/p>\n<\/article>\n<\/div>\n<p><\/p>","protected":false},"excerpt":{"rendered":"<p>Les chaudi\u00e8res \u00e0 gaz r\u00e9siduel AKHT-M Les GekaKonus\u00ae chaudi\u00e8res \u00e0 gaz r\u00e9siduel servent \u00e0 l&rsquo;utilisation \u00e9conomique des gaz r\u00e9siduels. \u00a0 Application\/Avantages \u00a0 Des diff\u00e9rents fluides caloporteurs peuvent \u00eatre r\u00e9chauff\u00e9s par ce type de chaudi\u00e8re : Huile thermique de 100\u00b0C &#8211; 350\u00b0C Eau chaude de 70\u00b0C &#8211; 265\u00b0C GekaKonus\u00ae a d\u00e9velopp\u00e9, en fonction d&rsquo;application, des diff\u00e9rents [&hellip;]<\/p>\n","protected":false},"author":1,"featured_media":0,"parent":27,"menu_order":0,"comment_status":"closed","ping_status":"closed","template":"","meta":[],"aioseo_notices":[],"_links":{"self":[{"href":"https:\/\/gekakonus.net\/fr\/wp-json\/wp\/v2\/pages\/235"}],"collection":[{"href":"https:\/\/gekakonus.net\/fr\/wp-json\/wp\/v2\/pages"}],"about":[{"href":"https:\/\/gekakonus.net\/fr\/wp-json\/wp\/v2\/types\/page"}],"author":[{"embeddable":true,"href":"https:\/\/gekakonus.net\/fr\/wp-json\/wp\/v2\/users\/1"}],"replies":[{"embeddable":true,"href":"https:\/\/gekakonus.net\/fr\/wp-json\/wp\/v2\/comments?post=235"}],"version-history":[{"count":7,"href":"https:\/\/gekakonus.net\/fr\/wp-json\/wp\/v2\/pages\/235\/revisions"}],"predecessor-version":[{"id":1255,"href":"https:\/\/gekakonus.net\/fr\/wp-json\/wp\/v2\/pages\/235\/revisions\/1255"}],"up":[{"embeddable":true,"href":"https:\/\/gekakonus.net\/fr\/wp-json\/wp\/v2\/pages\/27"}],"wp:attachment":[{"href":"https:\/\/gekakonus.net\/fr\/wp-json\/wp\/v2\/media?parent=235"}],"curies":[{"name":"wp","href":"https:\/\/api.w.org\/{rel}","templated":true}]}}