{"id":27,"date":"2016-10-14T12:49:01","date_gmt":"2016-10-14T12:49:01","guid":{"rendered":"http:\/\/wp.gekakonus.net\/?page_id=27"},"modified":"2025-06-18T04:44:36","modified_gmt":"2025-06-18T04:44:36","slug":"produkte","status":"publish","type":"page","link":"https:\/\/gekakonus.net\/fr\/produkte\/","title":{"rendered":"Produits"},"content":{"rendered":"<p><\/p>\n<h3><span style=\"font-family: arial,helvetica,sans-serif;\">\u00a0<\/span><\/h3>\n<table style=\"width: 1376px;\">\n<tbody>\n<tr>\n<td style=\"width: 67.8167px;\">\u00a0<img decoding=\"async\" loading=\"lazy\" class=\"alignleft size-full wp-image-658\" src=\"https:\/\/wp.gekakonus.net\/wp-content\/uploads\/2016\/10\/schweif3.png\" alt=\"\" width=\"45\" height=\"23\" \/><\/td>\n<td style=\"width: 1281.18px;\">\n<h3><span style=\"font-family: arial,helvetica,sans-serif;\">Produits<\/span><\/h3>\n<\/td>\n<\/tr>\n<\/tbody>\n<\/table>\n<table>\n<tbody>\n<tr style=\"height: 314.1px;\">\n<td style=\"height: 314.1px;\"><u><\/u><a href=\"https:\/\/gekakonus.net\/fr\/produkte\/thermaloelerhitzer\/\"><img decoding=\"async\" loading=\"lazy\" class=\"aligncenter wp-image-112 size-medium\" src=\"https:\/\/gekakonus.net\/wp-content\/uploads\/2016\/10\/Thermal\u00f6lerhitzer-Typ-THERMOMAT-300x180.jpg\" alt=\"\" width=\"300\" height=\"180\" srcset=\"https:\/\/gekakonus.net\/wp-content\/uploads\/2016\/10\/Thermal\u00f6lerhitzer-Typ-THERMOMAT-300x180.jpg 300w, https:\/\/gekakonus.net\/wp-content\/uploads\/2016\/10\/Thermal\u00f6lerhitzer-Typ-THERMOMAT.jpg 700w\" sizes=\"(max-width: 300px) 100vw, 300px\" \/><\/a><\/p>\n<p style=\"text-align: center;\"><a href=\"https:\/\/gekakonus.net\/fr\/produkte\/thermaloelerhitzer\/\">Chaudi\u00e8re \u00e0 fluide thermique<\/a><\/p>\n<\/td>\n<td style=\"height: 314.1px; text-align: center;\">\n<p><span style=\"background-color: #ffffff;\"><u><\/u><a href=\"https:\/\/gekakonus.net\/fr\/produkte\/hochdruck-naturumlaufkessel\/\"><img decoding=\"async\" loading=\"lazy\" class=\"aligncenter wp-image-34 size-medium\" src=\"https:\/\/gekakonus.net\/wp-content\/uploads\/2016\/10\/Hochdruck-Naturumlaufkessel1-300x180.jpg\" alt=\"\" width=\"300\" height=\"180\" srcset=\"https:\/\/gekakonus.net\/wp-content\/uploads\/2016\/10\/Hochdruck-Naturumlaufkessel1-300x180.jpg 300w, https:\/\/gekakonus.net\/wp-content\/uploads\/2016\/10\/Hochdruck-Naturumlaufkessel1.jpg 700w\" sizes=\"(max-width: 300px) 100vw, 300px\" \/><\/a><\/span><\/p>\n<p><a href=\"https:\/\/gekakonus.net\/fr\/produkte\/hochdruck-naturumlaufkessel\/\">Chaudi\u00e8re \u00e0 vapeur haute pression en circulation naturelle (Circuit ferm\u00e9)<\/a><\/td>\n<\/tr>\n<tr style=\"height: 284px;\">\n<td style=\"height: 284px;\"><u><\/u><a href=\"https:\/\/gekakonus.net\/fr\/produkte\/hochdruckdampferzeuger-im-offenen-dampfkondensatkreislauf\/\"><img decoding=\"async\" loading=\"lazy\" class=\"aligncenter wp-image-211 size-medium\" src=\"https:\/\/gekakonus.net\/wp-content\/uploads\/2016\/11\/NWK-HP-300x186.jpg\" alt=\"nwk-hp\" width=\"300\" height=\"186\" srcset=\"https:\/\/gekakonus.net\/wp-content\/uploads\/2016\/11\/NWK-HP-300x186.jpg 300w, https:\/\/gekakonus.net\/wp-content\/uploads\/2016\/11\/NWK-HP.jpg 500w\" sizes=\"(max-width: 300px) 100vw, 300px\" \/><\/a><u><\/u><\/p>\n<p style=\"text-align: center;\"><a href=\"https:\/\/gekakonus.net\/fr\/produkte\/hochdruckdampferzeuger-im-offenen-dampfkondensatkreislauf\/\">Chaudi\u00e8re \u00e0 vapeur haute pression en circuit (vapeur\/condensat) ouvert<\/a><\/p>\n<\/td>\n<td style=\"height: 284px;\"><u><\/u><a href=\"https:\/\/gekakonus.net\/fr\/produkte\/schnelldampferzeuger\/\"><img decoding=\"async\" loading=\"lazy\" class=\"aligncenter wp-image-220 size-medium\" src=\"https:\/\/gekakonus.net\/wp-content\/uploads\/2016\/11\/LSG-HP-300x176.jpg\" alt=\"lsg-hp\" width=\"300\" height=\"176\" srcset=\"https:\/\/gekakonus.net\/wp-content\/uploads\/2016\/11\/LSG-HP-300x176.jpg 300w, https:\/\/gekakonus.net\/wp-content\/uploads\/2016\/11\/LSG-HP.jpg 500w\" sizes=\"(max-width: 300px) 100vw, 300px\" \/><\/a><u><\/u><\/p>\n<p style=\"text-align: center;\"><a href=\"https:\/\/gekakonus.net\/fr\/produkte\/schnelldampferzeuger\/\">G\u00e9n\u00e9rateur \u00e0 vapeur rapide<\/a><\/p>\n<\/td>\n<\/tr>\n<tr style=\"height: 284px;\">\n<td style=\"height: 284px;\"><u><\/u><a href=\"https:\/\/gekakonus.net\/fr\/produkte\/dampfgenerator\/\"><img decoding=\"async\" loading=\"lazy\" class=\"aligncenter wp-image-229 size-medium\" src=\"https:\/\/gekakonus.net\/wp-content\/uploads\/2016\/11\/Dampfgenerator-300x186.jpg\" alt=\"dampfgenerator\" width=\"300\" height=\"186\" srcset=\"https:\/\/gekakonus.net\/wp-content\/uploads\/2016\/11\/Dampfgenerator-300x186.jpg 300w, https:\/\/gekakonus.net\/wp-content\/uploads\/2016\/11\/Dampfgenerator.jpg 500w\" sizes=\"(max-width: 300px) 100vw, 300px\" \/><\/a><u><\/u><\/p>\n<p style=\"text-align: center;\"><a href=\"https:\/\/gekakonus.net\/fr\/produkte\/dampfgenerator\/\">G\u00e9n\u00e9rateur \u00e0 Vapeur<\/a><\/p>\n<\/td>\n<td style=\"height: 284px;\"><u><\/u><a href=\"https:\/\/gekakonus.net\/fr\/produkte\/elektrothermomat\/\"><img decoding=\"async\" loading=\"lazy\" class=\"aligncenter wp-image-242 size-full\" src=\"https:\/\/gekakonus.net\/wp-content\/uploads\/2016\/11\/elektrothermomat.jpg\" alt=\"elektrothermomat\" width=\"500\" height=\"180\" srcset=\"https:\/\/gekakonus.net\/wp-content\/uploads\/2016\/11\/elektrothermomat.jpg 500w, https:\/\/gekakonus.net\/wp-content\/uploads\/2016\/11\/elektrothermomat-300x108.jpg 300w\" sizes=\"(max-width: 500px) 100vw, 500px\" \/><\/a><\/p>\n<p style=\"text-align: center;\"><a href=\"https:\/\/gekakonus.net\/fr\/produkte\/elektrothermomat\/\">Thermomat \u00e9lectrique<\/a><\/p>\n<\/td>\n<\/tr>\n<tr style=\"height: 278px;\">\n<td style=\"height: 278px;\">\n<p style=\"text-align: center;\"><a href=\"https:\/\/gekakonus.net\/fr\/produkte\/abhitzekessel\/\"><img decoding=\"async\" loading=\"lazy\" class=\"aligncenter wp-image-236 size-medium\" src=\"https:\/\/gekakonus.net\/wp-content\/uploads\/2016\/11\/Abhitzekessel-300x186.jpg\" alt=\"Abhitzekessel\" width=\"300\" height=\"186\" srcset=\"https:\/\/gekakonus.net\/wp-content\/uploads\/2016\/11\/Abhitzekessel-300x186.jpg 300w, https:\/\/gekakonus.net\/wp-content\/uploads\/2016\/11\/Abhitzekessel.jpg 500w\" sizes=\"(max-width: 300px) 100vw, 300px\" \/><\/a> <a href=\"https:\/\/gekakonus.net\/fr\/produkte\/abhitzekessel\/\">Chaudi\u00e8re \u00e0 gaz r\u00e9siduel<\/a><\/p>\n<\/td>\n<td style=\"height: 278px;\">\n<p style=\"text-align: center;\"><a href=\"https:\/\/gekakonus.net\/fr\/produkte\/francais-waeremerueckgewinnungssysteme\/\"><img decoding=\"async\" loading=\"lazy\" class=\"aligncenter wp-image-607\" src=\"https:\/\/wp.gekakonus.net\/wp-content\/uploads\/2017\/02\/001_LUVO_Color_RGB_-2014-300x189.jpg\" alt=\"\" width=\"285\" height=\"180\" srcset=\"https:\/\/gekakonus.net\/wp-content\/uploads\/2017\/02\/001_LUVO_Color_RGB_-2014-300x189.jpg 300w, https:\/\/gekakonus.net\/wp-content\/uploads\/2017\/02\/001_LUVO_Color_RGB_-2014-768x485.jpg 768w\" sizes=\"(max-width: 285px) 100vw, 285px\" \/><\/a><\/p>\n<p style=\"text-align: center;\"><a href=\"https:\/\/gekakonus.net\/fr\/produkte\/francais-waeremerueckgewinnungssysteme\/\">Syst\u00e8me de r\u00e9cup\u00e9ration chaleur<\/a><\/p>\n<p style=\"text-align: center;\">\n<\/td>\n<\/tr>\n<\/tbody>\n<\/table>\n<p><\/p>","protected":false},"excerpt":{"rendered":"<p>\u00a0 \u00a0 Produits Chaudi\u00e8re \u00e0 fluide thermique Chaudi\u00e8re \u00e0 vapeur haute pression en circulation naturelle (Circuit ferm\u00e9) Chaudi\u00e8re \u00e0 vapeur haute pression en circuit (vapeur\/condensat) ouvert G\u00e9n\u00e9rateur \u00e0 vapeur rapide G\u00e9n\u00e9rateur \u00e0 Vapeur Thermomat \u00e9lectrique Chaudi\u00e8re \u00e0 gaz r\u00e9siduel Syst\u00e8me de r\u00e9cup\u00e9ration chaleur<\/p>\n","protected":false},"author":1,"featured_media":0,"parent":0,"menu_order":0,"comment_status":"closed","ping_status":"closed","template":"","meta":[],"aioseo_notices":[],"_links":{"self":[{"href":"https:\/\/gekakonus.net\/fr\/wp-json\/wp\/v2\/pages\/27"}],"collection":[{"href":"https:\/\/gekakonus.net\/fr\/wp-json\/wp\/v2\/pages"}],"about":[{"href":"https:\/\/gekakonus.net\/fr\/wp-json\/wp\/v2\/types\/page"}],"author":[{"embeddable":true,"href":"https:\/\/gekakonus.net\/fr\/wp-json\/wp\/v2\/users\/1"}],"replies":[{"embeddable":true,"href":"https:\/\/gekakonus.net\/fr\/wp-json\/wp\/v2\/comments?post=27"}],"version-history":[{"count":27,"href":"https:\/\/gekakonus.net\/fr\/wp-json\/wp\/v2\/pages\/27\/revisions"}],"predecessor-version":[{"id":3464,"href":"https:\/\/gekakonus.net\/fr\/wp-json\/wp\/v2\/pages\/27\/revisions\/3464"}],"wp:attachment":[{"href":"https:\/\/gekakonus.net\/fr\/wp-json\/wp\/v2\/media?parent=27"}],"curies":[{"name":"wp","href":"https:\/\/api.w.org\/{rel}","templated":true}]}}