{"id":31,"date":"2016-10-14T12:49:46","date_gmt":"2016-10-14T12:49:46","guid":{"rendered":"http:\/\/wp.gekakonus.net\/?page_id=31"},"modified":"2024-03-22T05:34:35","modified_gmt":"2024-03-22T05:34:35","slug":"thermaloelerhitzer","status":"publish","type":"page","link":"https:\/\/gekakonus.net\/fr\/produkte\/thermaloelerhitzer\/","title":{"rendered":"Chaudi\u00e8re \u00e0 fluide thermique"},"content":{"rendered":"<p><\/p>\n<div>\n<p><img decoding=\"async\" loading=\"lazy\" class=\"wp-image-3188  aligncenter\" src=\"https:\/\/gekakonus.net\/wp-content\/uploads\/2024\/03\/GekaKonus_1-210x300.jpg\" alt=\"\" width=\"317\" height=\"453\" srcset=\"https:\/\/gekakonus.net\/wp-content\/uploads\/2024\/03\/GekaKonus_1-210x300.jpg 210w, https:\/\/gekakonus.net\/wp-content\/uploads\/2024\/03\/GekaKonus_1-768x1097.jpg 768w, https:\/\/gekakonus.net\/wp-content\/uploads\/2024\/03\/GekaKonus_1-1075x1536.jpg 1075w, https:\/\/gekakonus.net\/wp-content\/uploads\/2024\/03\/GekaKonus_1-1434x2048.jpg 1434w, https:\/\/gekakonus.net\/wp-content\/uploads\/2024\/03\/GekaKonus_1.jpg 1792w\" sizes=\"(max-width: 317px) 100vw, 317px\" \/><\/p>\n<h2>La chaudi\u00e8re \u00e0 fluide thermique THZ\/ GKV\/H<\/h2>\n<p><span style=\"font-family: arial,helvetica,sans-serif;\">La GekaKonus<sup><span class=\"text_klein\"><span style=\"font-size: small;\">\u00ae<\/span><\/span><\/sup> chaudi\u00e8re \u00e0 fluide thermique type Thermomat<sup><span class=\"text_klein\"><span style=\"font-size: small;\">\u00ae<\/span><\/span><\/sup>, c&rsquo;est une chaudi\u00e8re qui travaille dans une circulation forc\u00e9e par pompe de circulation \u00e0 trois pas de fum\u00e9. Le fluide caloporteur peut \u00eatre \u00e0 la base min\u00e9rale ou synth\u00e9tique. Par cette principe on obtient un transfert de chaleur bien d\u00e9finit \u00e0 chaque endroit de la surface de chauffage. La circulation forc\u00e9 et par cons\u00e9quent la vitesse d&rsquo;\u00e9coulement est garantie par contr\u00f4le et supervision du d\u00e9bit. La GekaKonus Chaudi\u00e8re \u00e0 fluide thermique peut aussi \u00eatre \u00e9quip\u00e9e d&rsquo;un pr\u00e9chauffeur d&rsquo;air de combustion LUVO afin d&rsquo; am\u00e9liorer le rendement global. Plus information sur ce syst\u00e8me de r\u00e9cup\u00e9ration, voir produits \u00ab\u00a0syst\u00e8me de r\u00e9cup\u00e9ration chaleur\u00a0\u00bb.<\/span><\/p>\n<h2><span style=\"font-family: arial,helvetica,sans-serif;\">\u00a0<\/span><\/h2>\n<table class=\" alignleft\" style=\"border-color: #fa0202; background-color: #fc0303;\">\n<thead>\n<tr style=\"background-color: #f70505;\">\n<td><span style=\"font-family: arial,helvetica,sans-serif; font-size: 20px;\"><strong>Applications<\/strong><\/span><\/td>\n<\/tr>\n<\/thead>\n<\/table>\n<p><span style=\"font-family: arial,helvetica,sans-serif;\">Utilisation dans nombreux secteurs de l&rsquo;industrie qui demande du chauffage comme:<\/span><\/p>\n<ul type=\"disc\">\n<li>Industrie des mati\u00e8res plastiques<\/li>\n<li>Industrie m\u00e9tallique<\/li>\n<li>Industrie chimique<\/li>\n<li>Industrie de p\u00e9trole<\/li>\n<li>Industrie de l&rsquo;alimentaire et du textile<\/li>\n<li>Industrie du bois<\/li>\n<li>Industrie du papier et du carton<\/li>\n<li>Industrie du goudron et du bitume<\/li>\n<\/ul>\n<\/div>\n<table style=\"border-color: #fc0303; background-color: #fa0202;\">\n<tbody>\n<tr>\n<td><strong><span style=\"font-family: arial,helvetica,sans-serif; font-size: 20px;\">Avantages<\/span><\/strong><\/td>\n<\/tr>\n<\/tbody>\n<\/table>\n<div>\n<article class=\"accordion-lang200px\"><span style=\"font-family: arial,helvetica,sans-serif;\">La GekaKonus Thermomat<sup><span class=\"text_klein\"><span style=\"font-size: small;\">\u00ae<\/span><\/span><\/sup> travaille sans pression dans une gamme de temp\u00e9rature jusqu&rsquo;\u00e0 340\u00b0C. \u00c0 la gamme de temp\u00e9rature de 340\u00b0C jusqu&rsquo;au 400\u00b0C, on obtient une pression de syst\u00e8me de 12 bars. On peut utiliser des fluides caloporteurs usuels. Les fluides caloporteurs ne provoquent pas de corrosion ni \u00e0 la chaudi\u00e8re ni au syst\u00e8me de tubes. L&rsquo;installation peut \u00eatre conserv\u00e9e pendant plusieurs ann\u00e9es avec une superposition d&rsquo;azote. Avec le GekaKonus<sup><span class=\"text_klein\"><span style=\"font-size: small;\">\u00ae<\/span><\/span><\/sup> Thermomat<sup><span class=\"text_klein\"><span style=\"font-size: small;\">\u00ae<\/span><\/span><\/sup>, on obtient des r\u00e9sultats excellents aux travaux de control avec une haute pr\u00e9cision de la temp\u00e9rature.<\/span><\/p>\n<\/article>\n<\/div>\n<table style=\"border-color: #f50521; background-color: #fa0522;\">\n<tbody>\n<tr>\n<td><strong><span style=\"font-family: arial,helvetica,sans-serif; font-size: 20px;\">Fabrication\/Equipment<\/span><\/strong><\/td>\n<\/tr>\n<\/tbody>\n<\/table>\n<article class=\"accordion-lang380px\"><\/article>\n<article class=\"accordion-lang380px\"><span style=\"font-family: arial,helvetica,sans-serif;\">Fabrication<br \/>\nL&rsquo;\u00e9quipement et la fabrication sont conformes \u00e0 la directive Europ\u00e9enne sur les \u00e9quipements sous pression (PED 2014\/68\/EU) ainsi que d&rsquo;autres r\u00e8glementations internationales telles que SELO, GOST-R, RTN, ASME etc.<\/span><\/p>\n<p>Equipement<br \/>\nLa GekaKonus<sup><span class=\"text_klein\"><span style=\"font-size: small;\">\u00ae<\/span><\/span><\/sup> chaudi\u00e8re \u00e0 fluide thermique type Thermomat<sup><span class=\"text_klein\"><span style=\"font-size: small;\">\u00ae<\/span><\/span><\/sup> est \u00e9quip\u00e9 avec des \u00e9l\u00e9ments de contr\u00f4le et de s\u00e9curit\u00e9 qui sont conformes \u00e0 la r\u00e9glementation en vigueur de la communaut\u00e9 europ\u00e9enne et la DIN 4754.<\/p>\n<p>Contr\u00f4le et surveillance<br \/>\nUn \u00e9l\u00e9ment important de s\u00e9curit\u00e9, c&rsquo;est l&rsquo;indicateur de d\u00e9bit. Avec ca, le d\u00e9bit du fluide caloporteur minimal est mesur\u00e9 et surveill\u00e9. Si le d\u00e9bit est inferieur de d\u00e9bit minimal le br\u00fbleur serra arr\u00eat\u00e9 et verrouill\u00e9. Les thermostats de s\u00e9curit\u00e9 \u00e9vitent une augmentation inadmissible de la temp\u00e9rature d&rsquo;huile thermique et de gaz r\u00e9siduel.<\/p>\n<p>Combustible<br \/>\nTous les combustibles usuels gazeuses et liquide comme: fuel lourd, fuel oil (mazout), gasoil, gaz liquide, gaz naturel, biogaz.<\/p>\n<p>Informations techniques suppl\u00e9mentaires sont disponibles dans notre secteur t\u00e9l\u00e9chargement.<\/p>\n<\/article>\n<table style=\"border-color: #fa0000; background-color: #fa0000;\">\n<tbody>\n<tr>\n<td><strong><span style=\"font-family: arial,helvetica,sans-serif; font-size: 20px;\">Donn\u00e9es techniques<\/span><\/strong><\/td>\n<\/tr>\n<\/tbody>\n<\/table>\n<div>\n<p><span style=\"font-family: arial,helvetica,sans-serif;\"><a href=\"https:\/\/wp.gekakonus.net\/wp-content\/uploads\/2016\/10\/tabelle2_thz_fr.gif\"><img decoding=\"async\" loading=\"lazy\" class=\"alignleft wp-image-345 size-medium\" src=\"https:\/\/wp.gekakonus.net\/wp-content\/uploads\/2016\/10\/tabelle2_thz_fr-285x300.gif\" width=\"285\" height=\"300\" \/><\/a><\/span><\/p>\n<\/div>\n<div><\/div>\n<table style=\"border-color: #fa0000; background-color: #fa0000;\">\n<tbody>\n<tr>\n<td><strong><span style=\"font-family: arial,helvetica,sans-serif; font-size: 20px;\">Diagramme P+I\/Sch\u00e9ma<\/span><\/strong><\/td>\n<\/tr>\n<\/tbody>\n<\/table>\n<div>\n<article class=\"accordion-lang260px\"><span style=\"font-family: arial,helvetica,sans-serif;\"><a href=\"https:\/\/wp.gekakonus.net\/wp-content\/uploads\/2016\/10\/diagramm_thz1g-1.jpg\"><img decoding=\"async\" loading=\"lazy\" class=\"wp-image-337 size-thumbnail alignnone\" src=\"https:\/\/wp.gekakonus.net\/wp-content\/uploads\/2016\/10\/diagramm_thz1g-1-150x150.jpg\" width=\"150\" height=\"150\" \/><\/a><img decoding=\"async\" loading=\"lazy\" src=\"https:\/\/www.gekakonus.net\/web2016c\/bilder\/space.gif\" alt=\"\" width=\"20\" height=\"1\" border=\"0\" \/><a href=\"https:\/\/wp.gekakonus.net\/wp-content\/uploads\/2016\/10\/diagramm_thz2g.jpg\"><img decoding=\"async\" loading=\"lazy\" class=\"wp-image-334 size-thumbnail alignnone\" src=\"https:\/\/wp.gekakonus.net\/wp-content\/uploads\/2016\/10\/diagramm_thz2g-150x150.jpg\" width=\"150\" height=\"150\" \/><\/a><img decoding=\"async\" loading=\"lazy\" src=\"https:\/\/www.gekakonus.net\/web2016c\/bilder\/space.gif\" alt=\"\" width=\"20\" height=\"1\" border=\"0\" \/><a href=\"https:\/\/www.gekakonus.net\/web2016c\/bilder\/galerie\/diagramm_thz3.jpg\" data-title=\"THZ\" data-lightbox=\"image-2\"><img decoding=\"async\" loading=\"lazy\" class=\"example-image alignnone\" src=\"https:\/\/www.gekakonus.net\/web2016c\/bilder\/galerie\/diagramm_thz3_thumb.jpg\" width=\"100\" height=\"170\" \/><\/a><\/span><\/article>\n<\/div>\n<article class=\"accordion-lang260px\"><\/article>\n<article class=\"accordion-lang260px\"><span class=\"text_klein\">1 thermostat de s\u00e9curit\u00e9 &#8211; d\u00e9part<br \/>\n2 sonde thermique &#8211; d\u00e9part<br \/>\n3 control de d\u00e9bit<br \/>\n4 contr\u00f4leur de flamme<br \/>\n5 thermostat de s\u00e9curit\u00e9 &#8211; gaz r\u00e9siduel<br \/>\n6 indicateur de temp\u00e9rature &#8211; retour<br \/>\n7 manom\u00e8tre &#8211; retour<br \/>\n8 r\u00e9gleur de temp\u00e9rature &#8211; d\u00e9part<br \/>\n9 sonde thermique &#8211; retour<br \/>\n10 manom\u00e8tre &#8211; d\u00e9part<\/span><\/p>\n<p>Informations techniques suppl\u00e9mentaires sont disponibles dans notre secteur t\u00e9l\u00e9chargement.<\/p>\n<\/article>\n<p><\/p>","protected":false},"excerpt":{"rendered":"<p>La chaudi\u00e8re \u00e0 fluide thermique THZ\/ GKV\/H La GekaKonus\u00ae chaudi\u00e8re \u00e0 fluide thermique type Thermomat\u00ae, c&rsquo;est une chaudi\u00e8re qui travaille dans une circulation forc\u00e9e par pompe de circulation \u00e0 trois pas de fum\u00e9. Le fluide caloporteur peut \u00eatre \u00e0 la base min\u00e9rale ou synth\u00e9tique. Par cette principe on obtient un transfert de chaleur bien d\u00e9finit [&hellip;]<\/p>\n","protected":false},"author":1,"featured_media":0,"parent":27,"menu_order":0,"comment_status":"closed","ping_status":"closed","template":"","meta":[],"aioseo_notices":[],"_links":{"self":[{"href":"https:\/\/gekakonus.net\/fr\/wp-json\/wp\/v2\/pages\/31"}],"collection":[{"href":"https:\/\/gekakonus.net\/fr\/wp-json\/wp\/v2\/pages"}],"about":[{"href":"https:\/\/gekakonus.net\/fr\/wp-json\/wp\/v2\/types\/page"}],"author":[{"embeddable":true,"href":"https:\/\/gekakonus.net\/fr\/wp-json\/wp\/v2\/users\/1"}],"replies":[{"embeddable":true,"href":"https:\/\/gekakonus.net\/fr\/wp-json\/wp\/v2\/comments?post=31"}],"version-history":[{"count":17,"href":"https:\/\/gekakonus.net\/fr\/wp-json\/wp\/v2\/pages\/31\/revisions"}],"predecessor-version":[{"id":3197,"href":"https:\/\/gekakonus.net\/fr\/wp-json\/wp\/v2\/pages\/31\/revisions\/3197"}],"up":[{"embeddable":true,"href":"https:\/\/gekakonus.net\/fr\/wp-json\/wp\/v2\/pages\/27"}],"wp:attachment":[{"href":"https:\/\/gekakonus.net\/fr\/wp-json\/wp\/v2\/media?parent=31"}],"curies":[{"name":"wp","href":"https:\/\/api.w.org\/{rel}","templated":true}]}}