{"id":33,"date":"2016-10-14T12:51:51","date_gmt":"2016-10-14T12:51:51","guid":{"rendered":"http:\/\/wp.gekakonus.net\/?page_id=33"},"modified":"2025-06-18T04:39:52","modified_gmt":"2025-06-18T04:39:52","slug":"hochdruck-naturumlaufkessel","status":"publish","type":"page","link":"https:\/\/gekakonus.net\/fr\/produkte\/hochdruck-naturumlaufkessel\/","title":{"rendered":"Chaudi\u00e8re \u00e0 vapeur haute pression en circulation naturelle (Circuit ferm\u00e9)"},"content":{"rendered":"<p><\/p>\n<h2><\/h2>\n<p><img decoding=\"async\" loading=\"lazy\" class=\"aligncenter  wp-image-34\" src=\"https:\/\/gekakonus.net\/wp-content\/uploads\/2025\/06\/GEKAKONUS_2025_1-2-scaled.jpg\" alt=\"hochdruck naturumlaufkessel1\" width=\"523\" height=\"785\" \/><\/p>\n<h1>La NUK-HP<sup><span class=\"text_klein\"><span style=\"font-size: small;\">\u00ae<\/span><\/span><\/sup><\/h1>\n<p>est une chaudi\u00e8re \u00e0 vapeur \u00e0 haute pression de type \u00e0 circulation naturelle pour des installations de chauffage de processus. La NUK-HP<sup><span class=\"text_klein\"><span style=\"font-size: small;\">\u00ae<\/span><\/span><\/sup> est une chaudi\u00e8re \u00e0 haute pression, elle est con\u00e7ue pour travailler en circuit ferm\u00e9.<\/p>\n<p>Le fonctionnement ce fait sans pompes de circulation. Le fluide caloporteur est de l&rsquo;eau. Cet eau vaporise dans la chaudi\u00e8re, qui se trouve dans un syst\u00e8me herm\u00e9tique ferm\u00e9. Le vapeur afflue vers l&rsquo;\u00e9changeur et le condensat reflue vers la chaudi\u00e8re par gravitation.<\/p>\n<div><\/div>\n<div><\/div>\n<div>\n<table class=\" alignleft\" style=\"border-color: #fa0202; background-color: #fc0303;\">\n<thead>\n<tr style=\"background-color: #f70505;\">\n<td><span style=\"font-family: arial,helvetica,sans-serif; font-size: 20px;\"><strong>Application\/Avantages<br \/>\n<\/strong><\/span><\/td>\n<\/tr>\n<\/thead>\n<\/table>\n<p>Applications<br \/>\nL&rsquo;application principale c&rsquo;est l&rsquo;industrie alimentaire o\u00f9 un risque de contamination p.ex. par huile thermique doit \u00eatre prohib\u00e9. Industrie alimentaire pour la s\u00e9paration et fractionnement des acides gras, distillation de glyc\u00e9rine, d\u00e9sodorisation des huiles v\u00e9g\u00e9tales. Applicable dans toutes les installations de chauffage de processus dans les quelles un syst\u00e8me de circulation naturelle est r\u00e9alisable en fonction d&rsquo;environnement.<\/p>\n<p>Avantages<br \/>\nSyst\u00e8me de chauffage de processus non toxique et puissante. Basse intensit\u00e9 de rayonnement dans la chambre de combustion et une surface de chauffage assez grande. C&rsquo;est \u00e0 dire: Formation insignifiante des boules de vapeur dans la tuyauterie de la chaudi\u00e8re, Transfert de chaleur contr\u00f4l\u00e9, Rendement optimal. R\u00e9sistance d&rsquo;\u00e9coulement tr\u00e8s faible dans les tubes de vaporisation. Une grande circulation d&rsquo;eau est garantie.<\/p>\n<\/div>\n<div>\n<p>Informations techniques suppl\u00e9mentaires sont disponibles dans notre secteur t\u00e9l\u00e9chargement.<\/p>\n<\/div>\n<table style=\"border-color: #f50521; background-color: #fa0522;\">\n<tbody>\n<tr>\n<td><strong><span style=\"font-family: arial,helvetica,sans-serif; font-size: 20px;\">Fabrication\/Equipment<\/span><\/strong><\/td>\n<\/tr>\n<\/tbody>\n<\/table>\n<article class=\"accordion-lang380px\"><\/article>\n<article class=\"accordion-lang380px\"><strong><strong>Fabrication<br \/>\nL&rsquo;\u00e9quipement et la fabrication sont conforme \u00e0 la directive Europ\u00e9enne sur les \u00e9quipements sous pression (PED 2014\/68\/EU) ainsi que d&rsquo;autres r\u00e9glementations internationales telles que SELO, GOST-R, RTN, ASME, AS, etc.<\/strong><\/strong><\/p>\n<p>Equipement<br \/>\nL&rsquo;\u00e9quipement est fait pour une op\u00e9ration de 72 heures sans supervision. La pression, le niveau de l&rsquo;eau de chaudi\u00e8re et la temp\u00e9rature du gaz r\u00e9siduel sont contr\u00f4l\u00e9s permanent dans un syst\u00e8me de r\u00e8gles.<\/p>\n<p>R\u00e9glage<br \/>\nLe r\u00e9glage de puissance peut \u00eatre fait par des syst\u00e8mes diff\u00e9rents.<\/p>\n<ul type=\"disc\">\n<li>R\u00e9glage de pression<br \/>\nLa puissance du NUK-HP<sup><span class=\"text_klein\"><span style=\"font-size: small;\">\u00ae<\/span><\/span><\/sup> et ensuite la pression de vapeur satur\u00e9 est r\u00e9gl\u00e9e ind\u00e9pendamment de la temp\u00e9rature du produit. (p. ex. d&rsquo;huile v\u00e9g\u00e9tale)<\/li>\n<li>R\u00e9glage en cascade<br \/>\nLa puissance du NUK-HP<sup><span class=\"text_klein\"><span style=\"font-size: small;\">\u00ae<\/span><\/span><\/sup> est r\u00e9gl\u00e9e par la temp\u00e9rature du produit (p.ex. d&rsquo;huile v\u00e9g\u00e9tale). Dans une fen\u00eatre de r\u00e9glage bien d\u00e9finie, la pression de vapeur satur\u00e9 s&rsquo;adapte \u00e0 la temp\u00e9rature du produit.<\/li>\n<\/ul>\n<p>Br\u00fbleur<br \/>\nIl est possible d&rsquo;\u00e9quiper la NUK-HP<sup><span class=\"text_klein\">\u00ae<\/span><\/sup> avec des br\u00fbleurs pour combustibles gazeux comme gaz naturel, gaz liquide, biogaz et liquides ou avec des bruleurs de double fuel (gaz\/liquide). Le choix du bruleur d\u00e9pend de la puissance calorifique, du type de fuel et de la plage de r\u00e9gulation. Le r\u00e9glage peut \u00eatre 2-stage (plein charge\/demi charge\/stop) ou modulant.<\/p>\n<p>Surveillance permanente<\/p>\n<ul type=\"disc\">\n<li>eau de chaudi\u00e8re \u00ad niveau minimal<\/li>\n<li>pression vapeur<\/li>\n<li>temp\u00e9rature de gaz r\u00e9siduel<\/li>\n<li>r\u00e9glage du bruleur<\/li>\n<\/ul>\n<p>Informations techniques suppl\u00e9mentaires sont disponibles dans notre secteur t\u00e9l\u00e9chargement.<\/p>\n<\/article>\n<article class=\"accordion-lang380px\"><\/article>\n<table style=\"border-color: #fa0000; background-color: #fa0000;\">\n<tbody>\n<tr>\n<td><strong><span style=\"font-family: arial,helvetica,sans-serif; font-size: 20px;\">Donn\u00e9es techniques<\/span><\/strong><\/td>\n<\/tr>\n<\/tbody>\n<\/table>\n<p><a href=\"https:\/\/wp.gekakonus.net\/wp-content\/uploads\/2016\/10\/Chart-NUK-HP.jpg\"><img decoding=\"async\" loading=\"lazy\" class=\"alignleft wp-image-930 size-medium\" src=\"https:\/\/wp.gekakonus.net\/wp-content\/uploads\/2016\/10\/Chart-NUK-HP-172x300.jpg\" width=\"172\" height=\"300\" srcset=\"https:\/\/gekakonus.net\/wp-content\/uploads\/2016\/10\/Chart-NUK-HP-172x300.jpg 172w, https:\/\/gekakonus.net\/wp-content\/uploads\/2016\/10\/Chart-NUK-HP.jpg 447w\" sizes=\"(max-width: 172px) 100vw, 172px\" \/><\/a><\/p>\n<p><span class=\"text_klein\">* pression de calcul: 80 bars resp. 95 bars<\/span><\/p>\n<p>Informations techniques suppl\u00e9mentaires sont disponibles dans notre secteur t\u00e9l\u00e9chargement.<\/p>\n<div><\/div>\n<table style=\"border-color: #fa0000; background-color: #fa0000;\">\n<tbody>\n<tr>\n<td><strong><span style=\"font-family: arial,helvetica,sans-serif; font-size: 20px;\">Diagramme P+I\/Sch\u00e9ma<\/span><\/strong><\/td>\n<\/tr>\n<\/tbody>\n<\/table>\n<p><a href=\"https:\/\/wp.gekakonus.net\/wp-content\/uploads\/2016\/10\/nuk.jpg\"><img decoding=\"async\" loading=\"lazy\" class=\"alignleft wp-image-880\" src=\"https:\/\/wp.gekakonus.net\/wp-content\/uploads\/2016\/10\/nuk-214x300.jpg\" width=\"114\" height=\"159\" srcset=\"https:\/\/gekakonus.net\/wp-content\/uploads\/2016\/10\/nuk-214x300.jpg 214w, https:\/\/gekakonus.net\/wp-content\/uploads\/2016\/10\/nuk.jpg 425w\" sizes=\"(max-width: 114px) 100vw, 114px\" \/><\/a><a href=\"https:\/\/wp.gekakonus.net\/wp-content\/uploads\/2016\/10\/diagramm_nuk2k.jpg\"><img decoding=\"async\" loading=\"lazy\" class=\"alignleft wp-image-287 size-full\" src=\"https:\/\/wp.gekakonus.net\/wp-content\/uploads\/2016\/10\/diagramm_nuk2k.jpg\" width=\"85\" height=\"170\" \/><\/a><\/p>\n<table style=\"width: 663.71px;\">\n<tbody>\n<tr>\n<td style=\"width: 653.71px;\">M 22 pompe de remplissage<br \/>\nV 1 vanne de remplissage et purge<br \/>\nV 2 vanne de contr\u00f4le<br \/>\nV 3 vanne de rin\u00e7age et purge d&rsquo;air<br \/>\nV 4 vanne de manom\u00e8tre<br \/>\nV 6 soupape de non retour<br \/>\nPI manom\u00e8tre<br \/>\nSV 1 soupape de s\u00fbret\u00e9<br \/>\nSV 3 soupape de s\u00fbret\u00e9 pour pompe de remplissage<br \/>\nWT \u00e9changeur de chaleur<br \/>\nTE sonde thermique<br \/>\nTIC r\u00e9gulateur de temp\u00e9rature<br \/>\nPASH manostat<br \/>\nPE transmetteur de Pression<br \/>\nPIC r\u00e9gulateur de Pression<br \/>\nRP disque de rupture<br \/>\nPIASH indicateur de pression &#8211; \u00e9metteur d&rsquo;alarme LE \u00e9lectrode de niveau eau<br \/>\nLASL limiteur de niveau d&rsquo;eau mini<br \/>\nXZA contr\u00f4leur de flamme<br \/>\nTSAH thermostat de s\u00e9curit\u00e9 gaz r\u00e9siduel<\/td>\n<\/tr>\n<\/tbody>\n<\/table>\n<p>Informations techniques suppl\u00e9mentaires sont disponibles dans notre secteur t\u00e9l\u00e9chargement.<\/p>\n<p><a href=\"https:\/\/wp.gekakonus.net\/produkte\">\u00a0<\/a><\/p>\n<p><\/p>","protected":false},"excerpt":{"rendered":"<p>La NUK-HP\u00ae est une chaudi\u00e8re \u00e0 vapeur \u00e0 haute pression de type \u00e0 circulation naturelle pour des installations de chauffage de processus. La NUK-HP\u00ae est une chaudi\u00e8re \u00e0 haute pression, elle est con\u00e7ue pour travailler en circuit ferm\u00e9. Le fonctionnement ce fait sans pompes de circulation. Le fluide caloporteur est de l&rsquo;eau. Cet eau vaporise [&hellip;]<\/p>\n","protected":false},"author":1,"featured_media":0,"parent":27,"menu_order":0,"comment_status":"closed","ping_status":"closed","template":"custom-page.php","meta":[],"aioseo_notices":[],"_links":{"self":[{"href":"https:\/\/gekakonus.net\/fr\/wp-json\/wp\/v2\/pages\/33"}],"collection":[{"href":"https:\/\/gekakonus.net\/fr\/wp-json\/wp\/v2\/pages"}],"about":[{"href":"https:\/\/gekakonus.net\/fr\/wp-json\/wp\/v2\/types\/page"}],"author":[{"embeddable":true,"href":"https:\/\/gekakonus.net\/fr\/wp-json\/wp\/v2\/users\/1"}],"replies":[{"embeddable":true,"href":"https:\/\/gekakonus.net\/fr\/wp-json\/wp\/v2\/comments?post=33"}],"version-history":[{"count":6,"href":"https:\/\/gekakonus.net\/fr\/wp-json\/wp\/v2\/pages\/33\/revisions"}],"predecessor-version":[{"id":3462,"href":"https:\/\/gekakonus.net\/fr\/wp-json\/wp\/v2\/pages\/33\/revisions\/3462"}],"up":[{"embeddable":true,"href":"https:\/\/gekakonus.net\/fr\/wp-json\/wp\/v2\/pages\/27"}],"wp:attachment":[{"href":"https:\/\/gekakonus.net\/fr\/wp-json\/wp\/v2\/media?parent=33"}],"curies":[{"name":"wp","href":"https:\/\/api.w.org\/{rel}","templated":true}]}}