{"id":43,"date":"2016-10-14T12:58:28","date_gmt":"2016-10-14T12:58:28","guid":{"rendered":"http:\/\/wp.gekakonus.net\/?page_id=43"},"modified":"2017-04-20T08:43:32","modified_gmt":"2017-04-20T08:43:32","slug":"referenzen","status":"publish","type":"page","link":"https:\/\/gekakonus.net\/fr\/unternehmen\/referenzen\/","title":{"rendered":"Syst\u00e8mes livr\u00e9es \u00e0"},"content":{"rendered":"<p><\/p>\n<table style=\"width: 1376px;\">\n<tbody>\n<tr>\n<td style=\"width: 57.6667px;\"><img decoding=\"async\" loading=\"lazy\" class=\"alignleft wp-image-658\" src=\"https:\/\/wp.gekakonus.net\/wp-content\/uploads\/2016\/10\/schweif3.png\" width=\"45\" height=\"23\" \/><\/td>\n<td style=\"width: 1294.33px;\">\n<h1>Syst\u00e8mes livr\u00e9es \u00e0 :<\/h1>\n<\/td>\n<\/tr>\n<\/tbody>\n<\/table>\n<table border=\"0\" width=\"960\" cellspacing=\"0\" cellpadding=\"0\">\n<tbody>\n<tr style=\"height: 10.6px;\">\n<td class=\"text\" style=\"height: 20.6px;\" rowspan=\"2\" align=\"left\" valign=\"top\">\n<p style=\"text-align: center;\">Cargill<br \/>\n n.v. DESMET BALLESTRA GROUP s.a.<br \/>\n BASF<br \/>\n JJ-Lurgi Engineering Sdn Bhd<br \/>\n Unilever<br \/>\n Babcock<br \/>\n OILTEK<br \/>\n Hoechst<br \/>\n Bayer<br \/>\n LIPICO<br \/>\n GEA<br \/>\n Sulzer<br \/>\n Apaco AG Schweiz<br \/>\n Cogitel Tunisia<br \/>\n Viessmann France<\/p>\n<\/td>\n<td class=\"text_buttons\" style=\"height: 20.6px; text-align: center;\" rowspan=\"2\" align=\"left\" valign=\"top\">\n<p>Degussa<br \/>\n ADM<br \/>\n SULZER<br \/>\n PAN CENTURY OLEOCHEMICAL<br \/>\n Dow<br \/>\n Pfaudler &#8211; Belfour<br \/>\n Ruchi Soya Industries Limited<br \/>\n CROWN IRON WORKS COMPANY<br \/>\n Lurgi AG<br \/>\n Progress<br \/>\n Victrex plc<br \/>\n Kemwater<br \/>\n Lauda Dr. R. Wobser GmbH &amp; Co. KG<br \/>\n Puma Energy<br \/>\n Kansai Altan<br \/>\n Dialog Malaysia<\/p>\n<p>&nbsp;<\/p>\n<\/td>\n<\/tr>\n<\/tbody>\n<\/table>\n<p>&nbsp;<\/p>\n<p><\/p>","protected":false},"excerpt":{"rendered":"<p>Syst\u00e8mes livr\u00e9es \u00e0 : Cargill n.v. DESMET BALLESTRA GROUP s.a. BASF JJ-Lurgi Engineering Sdn Bhd Unilever Babcock OILTEK Hoechst Bayer LIPICO GEA Sulzer Apaco AG Schweiz Cogitel Tunisia Viessmann France Degussa ADM SULZER PAN CENTURY OLEOCHEMICAL Dow Pfaudler &#8211; Belfour Ruchi Soya Industries Limited CROWN IRON WORKS COMPANY Lurgi AG Progress Victrex plc Kemwater Lauda [&hellip;]<\/p>\n","protected":false},"author":1,"featured_media":0,"parent":170,"menu_order":0,"comment_status":"closed","ping_status":"closed","template":"","meta":[],"aioseo_notices":[],"_links":{"self":[{"href":"https:\/\/gekakonus.net\/fr\/wp-json\/wp\/v2\/pages\/43"}],"collection":[{"href":"https:\/\/gekakonus.net\/fr\/wp-json\/wp\/v2\/pages"}],"about":[{"href":"https:\/\/gekakonus.net\/fr\/wp-json\/wp\/v2\/types\/page"}],"author":[{"embeddable":true,"href":"https:\/\/gekakonus.net\/fr\/wp-json\/wp\/v2\/users\/1"}],"replies":[{"embeddable":true,"href":"https:\/\/gekakonus.net\/fr\/wp-json\/wp\/v2\/comments?post=43"}],"version-history":[{"count":5,"href":"https:\/\/gekakonus.net\/fr\/wp-json\/wp\/v2\/pages\/43\/revisions"}],"predecessor-version":[{"id":1310,"href":"https:\/\/gekakonus.net\/fr\/wp-json\/wp\/v2\/pages\/43\/revisions\/1310"}],"up":[{"embeddable":true,"href":"https:\/\/gekakonus.net\/fr\/wp-json\/wp\/v2\/pages\/170"}],"wp:attachment":[{"href":"https:\/\/gekakonus.net\/fr\/wp-json\/wp\/v2\/media?parent=43"}],"curies":[{"name":"wp","href":"https:\/\/api.w.org\/{rel}","templated":true}]}}