{"id":46,"date":"2016-10-14T12:58:46","date_gmt":"2016-10-14T12:58:46","guid":{"rendered":"http:\/\/wp.gekakonus.net\/?page_id=46"},"modified":"2017-04-20T08:39:52","modified_gmt":"2017-04-20T08:39:52","slug":"historie","status":"publish","type":"page","link":"https:\/\/gekakonus.net\/fr\/unternehmen\/historie\/","title":{"rendered":"Histoire"},"content":{"rendered":"<p><\/p>\n<table style=\"width: 1376px;\">\n<tbody>\n<tr>\n<td style=\"width: 52.8px;\"><img decoding=\"async\" loading=\"lazy\" class=\"alignleft wp-image-658\" src=\"https:\/\/wp.gekakonus.net\/wp-content\/uploads\/2016\/10\/schweif3.png\" width=\"75\" height=\"38\" \/><\/td>\n<td style=\"width: 1296.2px;\">\n<h1>Histoire du nom de marque<\/h1>\n<\/td>\n<\/tr>\n<\/tbody>\n<\/table>\n<hr \/>\n<h3 class=\"accordion-lang380px\">\u00a0<\/h3>\n<article class=\"accordion-lang380px\"><\/article>\n<article class=\"accordion-lang380px\"><\/article>\n<h3 class=\"accordion-lang380px\"><span style=\"font-family: arial,helvetica,sans-serif;\"><b><img decoding=\"async\" loading=\"lazy\" class=\"size-full wp-image-144 alignright\" src=\"https:\/\/wp.gekakonus.net\/wp-content\/uploads\/2016\/10\/logo01_transp2.gif\" alt=\"logo01_transp2\" width=\"120\" height=\"54\" \/><\/b><span style=\"font-size: 20px;\"><strong>2005<\/strong><\/span><\/span><\/h3>\n<article class=\"accordion-lang380px\">\n<p><span style=\"font-family: arial,helvetica,sans-serif;\">Fondation de la soci\u00e9t\u00e9 GEKA W\u00e4rmetechnik Energy Systems GmbH comme porteur de licence pour des livraisons aux Etats-Unis et au Canada. <\/span><\/p>\n<hr \/>\n<h3><img decoding=\"async\" loading=\"lazy\" class=\"alignright size-full wp-image-1105\" src=\"https:\/\/wp.gekakonus.net\/wp-content\/uploads\/2016\/10\/Gekakonus-Logo-klein.jpg\" alt=\"\" width=\"100\" height=\"52\" \/><\/h3>\n<h3><span style=\"font-family: arial,helvetica,sans-serif; font-size: 20px;\"><b>2003<\/b><\/span><\/h3>\n<p><span style=\"font-family: arial,helvetica,sans-serif;\">Siempelkamp se retire de la soci\u00e9t\u00e9 GekaKonus Energie- und Umwelttechnik GmbH &amp; Co. KG. Rachat par une nouvelle g\u00e9rance de la soci\u00e9t\u00e9 restructur\u00e9 GekaKonus GmbH. Les secteurs de produits chaudi\u00e8res \u00e0 fluide thermique et chaudi\u00e8res \u00e0 vapeur haute pression sont continus.<\/span><\/p>\n<hr \/>\n<h3 style=\"text-align: left;\"><span style=\"font-family: arial,helvetica,sans-serif; font-size: 20px;\"><b>2002<\/b><\/span><\/h3>\n<p><span style=\"font-family: arial,helvetica,sans-serif;\">Cessation de la fabrication des syst\u00e8mes de la combustion de la biomasse et restructuration de la soci\u00e9t\u00e9 aux activit\u00e9s sur les sections de produits chaudi\u00e8res \u00e0 fluide thermique et chaudi\u00e8res \u00e0 vapeur haute pression.<\/span><\/p>\n<\/article>\n<hr \/>\n<h3><span style=\"font-family: arial,helvetica,sans-serif;\"><b><span style=\"font-size: 20px;\">2001<\/span><img decoding=\"async\" loading=\"lazy\" class=\"size-full wp-image-146 alignright\" src=\"https:\/\/wp.gekakonus.net\/wp-content\/uploads\/2016\/10\/Geka-2001.gif\" alt=\"geka-2001\" width=\"120\" height=\"55\" \/><\/b><\/span><\/h3>\n<p><span style=\"font-family: arial,helvetica,sans-serif;\">Siempelkamp prend 100% du part social de la soci\u00e9t\u00e9 GekaKonus Energie- und Umwelttechnik GmbH &amp; Co. KG.<\/span><\/p>\n<hr \/>\n<h3 style=\"text-align: right;\"><span style=\"font-family: arial,helvetica,sans-serif;\"><b><img decoding=\"async\" loading=\"lazy\" class=\"size-full wp-image-147 alignright\" src=\"https:\/\/wp.gekakonus.net\/wp-content\/uploads\/2016\/10\/Geka-2000.gif\" alt=\"geka-2000\" width=\"120\" height=\"55\" \/><\/b><\/span><\/h3>\n<h3 style=\"text-align: left;\"><span style=\"font-family: arial,helvetica,sans-serif; font-size: 20px;\"><b>2000<\/b><\/span><\/h3>\n<p><span style=\"font-family: arial,helvetica,sans-serif;\">Rachat de la soci\u00e9t\u00e9 Bertrams Konus et changement de l&rsquo;appellation en GekaKonus Energie- und Umwelttechnik GmbH &amp; Co. KG.<\/span><\/p>\n<hr \/>\n<h3><span style=\"font-family: arial,helvetica,sans-serif;\"><b><span style=\"font-size: 20px;\">1999<\/span><img decoding=\"async\" loading=\"lazy\" class=\"size-full wp-image-148 alignright\" src=\"https:\/\/wp.gekakonus.net\/wp-content\/uploads\/2016\/10\/Geka-1999.gif\" alt=\"geka-1999\" width=\"120\" height=\"53\" \/><\/b><\/span><\/h3>\n<p><span style=\"font-family: arial,helvetica,sans-serif;\">Participation de la soci\u00e9t\u00e9 Siempelkamp comme soci\u00e9taire \u00e0 la soci\u00e9t\u00e9 GEKA-ENERGY Systems Gesellschaft f\u00fcr W\u00e4rmetechnische Anlagen mbH.<\/span><\/p>\n<hr \/>\n<p><span style=\"font-family: arial,helvetica,sans-serif;\"><b><span style=\"font-size: 20px;\">1971<\/span><\/b><\/span><\/p>\n<p><span style=\"font-family: arial,helvetica,sans-serif;\">D\u00e9but de la production des chaudi\u00e8res \u00e0 vapeur haute pression pour le chauffage des installations de d\u00e9sodorisation dans l&rsquo;industrie d&rsquo;huile v\u00e9g\u00e9tale.<\/span><\/p>\n<hr \/>\n<h3 style=\"text-align: left;\"><span style=\"font-family: arial,helvetica,sans-serif; font-size: 20px;\"><b>1965<\/b><\/span><\/h3>\n<p><span style=\"font-family: arial,helvetica,sans-serif;\">Elargissement de la fabrication au secteur de produit \u00ab\u00a0chaudi\u00e8res \u00e0 fluide thermique\u00a0\u00bb.<\/span><\/p>\n<hr \/>\n<h3><span style=\"font-family: arial,helvetica,sans-serif;\"><b><span style=\"font-size: 20px;\">1957<\/span><img decoding=\"async\" loading=\"lazy\" class=\"wp-image-441 size-full alignright\" src=\"https:\/\/wp.gekakonus.net\/wp-content\/uploads\/2016\/10\/logo06_transp2.gif\" width=\"120\" height=\"21\" \/><\/b><\/span><\/h3>\n<p><span style=\"font-family: arial,helvetica,sans-serif;\">Fondation de la soci\u00e9t\u00e9 GEKA-W\u00e4rmetechnik par Mr. Gotfried Kneifel \u00e0 Berlin comme constructeur des chaudi\u00e8res vaporisation instantan\u00e9e.<\/span><\/p>\n<hr \/>\n<p>* Marques d\u00e9pos\u00e9es de la soci\u00e9t\u00e9 Siempelkamp, Krefeld<\/p>\n<p><\/p>","protected":false},"excerpt":{"rendered":"<p>Histoire du nom de marque \u00a0 2005 Fondation de la soci\u00e9t\u00e9 GEKA W\u00e4rmetechnik Energy Systems GmbH comme porteur de licence pour des livraisons aux Etats-Unis et au Canada. 2003 Siempelkamp se retire de la soci\u00e9t\u00e9 GekaKonus Energie- und Umwelttechnik GmbH &amp; Co. KG. Rachat par une nouvelle g\u00e9rance de la soci\u00e9t\u00e9 restructur\u00e9 GekaKonus GmbH. Les [&hellip;]<\/p>\n","protected":false},"author":1,"featured_media":0,"parent":170,"menu_order":0,"comment_status":"closed","ping_status":"closed","template":"","meta":[],"aioseo_notices":[],"_links":{"self":[{"href":"https:\/\/gekakonus.net\/fr\/wp-json\/wp\/v2\/pages\/46"}],"collection":[{"href":"https:\/\/gekakonus.net\/fr\/wp-json\/wp\/v2\/pages"}],"about":[{"href":"https:\/\/gekakonus.net\/fr\/wp-json\/wp\/v2\/types\/page"}],"author":[{"embeddable":true,"href":"https:\/\/gekakonus.net\/fr\/wp-json\/wp\/v2\/users\/1"}],"replies":[{"embeddable":true,"href":"https:\/\/gekakonus.net\/fr\/wp-json\/wp\/v2\/comments?post=46"}],"version-history":[{"count":5,"href":"https:\/\/gekakonus.net\/fr\/wp-json\/wp\/v2\/pages\/46\/revisions"}],"predecessor-version":[{"id":1303,"href":"https:\/\/gekakonus.net\/fr\/wp-json\/wp\/v2\/pages\/46\/revisions\/1303"}],"up":[{"embeddable":true,"href":"https:\/\/gekakonus.net\/fr\/wp-json\/wp\/v2\/pages\/170"}],"wp:attachment":[{"href":"https:\/\/gekakonus.net\/fr\/wp-json\/wp\/v2\/media?parent=46"}],"curies":[{"name":"wp","href":"https:\/\/api.w.org\/{rel}","templated":true}]}}