{"id":528,"date":"2017-02-03T11:20:52","date_gmt":"2017-02-03T11:20:52","guid":{"rendered":"http:\/\/wp.gekakonus.net\/?page_id=528"},"modified":"2017-04-20T08:15:10","modified_gmt":"2017-04-20T08:15:10","slug":"francais-waeremerueckgewinnungssysteme","status":"publish","type":"page","link":"https:\/\/gekakonus.net\/fr\/produkte\/francais-waeremerueckgewinnungssysteme\/","title":{"rendered":"Syst\u00e8me de r\u00e9cup\u00e9ration chaleur"},"content":{"rendered":"<p><\/p>\n<h2><img decoding=\"async\" loading=\"lazy\" class=\"aligncenter wp-image-607\" src=\"https:\/\/wp.gekakonus.net\/wp-content\/uploads\/2017\/02\/001_LUVO_Color_RGB_-2014-300x189.jpg\" width=\"500\" height=\"315\" srcset=\"https:\/\/gekakonus.net\/wp-content\/uploads\/2017\/02\/001_LUVO_Color_RGB_-2014-300x189.jpg 300w, https:\/\/gekakonus.net\/wp-content\/uploads\/2017\/02\/001_LUVO_Color_RGB_-2014-768x485.jpg 768w\" sizes=\"(max-width: 500px) 100vw, 500px\" \/><\/h2>\n<h1>Syst\u00e8me de r\u00e9cup\u00e9ration chaleur<\/h1>\n<h1>Type <strong>LUVO<\/strong> pour des produits GekaKonus<\/h1>\n<p>&nbsp;<\/p>\n<p>Le syst\u00e8me LUVO augment le rendement du syst\u00e8me chaleur de processus industriel.<\/p>\n<p>L\u2019\u00e9nergie du gaz d\u2019\u00e9chappement est utilis\u00e9e pour r\u00e9chauffer l\u2019air de combustion. L\u2019air de combustion chaud par contre am\u00e9liore le rendement de la chaudi\u00e8re. Le transfert d\u2019\u00e9nergie s\u2019est fait par un \u00e9changeur de chaleur \u00ab\u00a0LUVO\u00a0\u00bb. L\u2019\u00e9conomie des combustibles est proportionnelle de l\u2019augmentation de rendement.<\/p>\n<p>L\u2019\u00e9conomie finale et le temps d\u2019amortissement d\u00e9pendent au type de fuel (gaz naturel, diesel etc.) utilis\u00e9s, le temps de fonctionnement ainsi que la temp\u00e9rature du gaz d\u2019\u00e9chappement.<\/p>\n<p>Le rendement par le syst\u00e8me \u00ab\u00a0LUVO\u00a0\u00bb peut augmenter d\u2019env. 84 &#8211; 87% jusqu\u2019au env. 96%.<\/p>\n<table style=\"background-color: #fa0228;\">\n<tbody>\n<tr>\n<td><span style=\"font-family: arial,helvetica,sans-serif;\"><strong><span style=\"font-size: 20px;\">Application<\/span><\/strong><\/span><\/td>\n<\/tr>\n<\/tbody>\n<\/table>\n<p>Utilisation dans nombreux secteurs de l&rsquo;industrie qui demande du chauffage comme:<\/p>\n<ul type=\"disc\">\n<li>Industrie des mati\u00e8res plastiques<\/li>\n<li>Industrie m\u00e9tallique<\/li>\n<li>Industrie chimique<\/li>\n<li>Industrie de p\u00e9trole<\/li>\n<li>Industrie de l&rsquo;alimentaire et du textile<\/li>\n<li>Industrie du bois<\/li>\n<li>Industrie du papier et du carton<\/li>\n<li>Industrie du goudron et du bitume<\/li>\n<\/ul>\n<table style=\"background-color: #fa0202;\">\n<tbody>\n<tr>\n<td><span style=\"font-size: 20px;\"><strong><span style=\"font-family: arial,helvetica,sans-serif;\">Fabrication \/ Equipement<\/span><\/strong><br \/>\n <\/span><\/td>\n<\/tr>\n<\/tbody>\n<\/table>\n<p>L\u2019\u00e9changeur de chaleur se compose essentiellement de quatre \u00e9l\u00e9ments\u00a0:<\/p>\n<ol>\n<li>Chambre d\u2019entr\u00e9e du gaz d\u2019\u00e9chappement<\/li>\n<li>Chambre de sortie du gaz d\u2019\u00e9chappement<\/li>\n<li>Enveloppe de la chaudi\u00e8re<\/li>\n<li>Chambre d\u2019\u00e9change de chaleur<\/li>\n<\/ol>\n<p>L\u2019\u00e9changeur de chaleur se compose des tubes nombreux align\u00e9s. Les tubes sont fix\u00e9s et soud\u00e9s aux platin\u00e9s perfor\u00e9es aux deux bouts. Il n\u2019y a pas de changement de sens d\u2019\u00e9coulement. L\u2019air de combustion serra guid\u00e9 en dehors les tubes et le gaz d\u2019\u00e9chappement travers les tubes. Ce que facilite le nettoyage de syst\u00e8me LUVO. L\u2019\u00e9changeur de chaleur est entour\u00e9 par une isolation calorifuge pour diminuer les pertes de chaleur.<\/p>\n<table style=\"background-color: #ff0318;\">\n<tbody>\n<tr>\n<td><span style=\"font-family: arial,helvetica,sans-serif;\"><strong><span style=\"font-size: 20px;\">Donn\u00e9s techniques<\/span><\/strong><\/span><\/td>\n<\/tr>\n<\/tbody>\n<\/table>\n<p>Le domaine de puissance est adapt\u00e9 selon les besoins de client. La capacit\u00e9 et le rendement d\u00e9pendent des param\u00e8tres comme\u00a0: temp\u00e9ratures, combustibles utilis\u00e9es et restrictions d\u2019\u00e9mission NOx.<\/p>\n<table style=\"background-color: #fa0000;\">\n<tbody>\n<tr>\n<td><span style=\"font-family: arial,helvetica,sans-serif;\"><strong><span style=\"font-size: 20px;\">Sch\u00e9ma P+I<\/span><\/strong><\/span><\/td>\n<\/tr>\n<\/tbody>\n<\/table>\n<p><a href=\"https:\/\/wp.gekakonus.net\/wp-content\/uploads\/2017\/02\/004_01_LUVO_PI-DIAGRAMM_TZZ-S-10-25-with-LUVO-rev-A_2015.jpg\"><img decoding=\"async\" loading=\"lazy\" class=\"alignleft wp-image-612 size-medium\" src=\"https:\/\/wp.gekakonus.net\/wp-content\/uploads\/2017\/02\/004_01_LUVO_PI-DIAGRAMM_TZZ-S-10-25-with-LUVO-rev-A_2015-212x300.jpg\" width=\"212\" height=\"300\" srcset=\"https:\/\/gekakonus.net\/wp-content\/uploads\/2017\/02\/004_01_LUVO_PI-DIAGRAMM_TZZ-S-10-25-with-LUVO-rev-A_2015-212x300.jpg 212w, https:\/\/gekakonus.net\/wp-content\/uploads\/2017\/02\/004_01_LUVO_PI-DIAGRAMM_TZZ-S-10-25-with-LUVO-rev-A_2015-768x1086.jpg 768w\" sizes=\"(max-width: 212px) 100vw, 212px\" \/><\/a><\/p>\n<p><\/p>","protected":false},"excerpt":{"rendered":"<p>Syst\u00e8me de r\u00e9cup\u00e9ration chaleur Type LUVO pour des produits GekaKonus &nbsp; Le syst\u00e8me LUVO augment le rendement du syst\u00e8me chaleur de processus industriel. L\u2019\u00e9nergie du gaz d\u2019\u00e9chappement est utilis\u00e9e pour r\u00e9chauffer l\u2019air de combustion. L\u2019air de combustion chaud par contre am\u00e9liore le rendement de la chaudi\u00e8re. Le transfert d\u2019\u00e9nergie s\u2019est fait par un \u00e9changeur de [&hellip;]<\/p>\n","protected":false},"author":1,"featured_media":0,"parent":27,"menu_order":0,"comment_status":"closed","ping_status":"closed","template":"","meta":[],"aioseo_notices":[],"_links":{"self":[{"href":"https:\/\/gekakonus.net\/fr\/wp-json\/wp\/v2\/pages\/528"}],"collection":[{"href":"https:\/\/gekakonus.net\/fr\/wp-json\/wp\/v2\/pages"}],"about":[{"href":"https:\/\/gekakonus.net\/fr\/wp-json\/wp\/v2\/types\/page"}],"author":[{"embeddable":true,"href":"https:\/\/gekakonus.net\/fr\/wp-json\/wp\/v2\/users\/1"}],"replies":[{"embeddable":true,"href":"https:\/\/gekakonus.net\/fr\/wp-json\/wp\/v2\/comments?post=528"}],"version-history":[{"count":4,"href":"https:\/\/gekakonus.net\/fr\/wp-json\/wp\/v2\/pages\/528\/revisions"}],"predecessor-version":[{"id":1282,"href":"https:\/\/gekakonus.net\/fr\/wp-json\/wp\/v2\/pages\/528\/revisions\/1282"}],"up":[{"embeddable":true,"href":"https:\/\/gekakonus.net\/fr\/wp-json\/wp\/v2\/pages\/27"}],"wp:attachment":[{"href":"https:\/\/gekakonus.net\/fr\/wp-json\/wp\/v2\/media?parent=528"}],"curies":[{"name":"wp","href":"https:\/\/api.w.org\/{rel}","templated":true}]}}