{"id":8,"date":"2016-10-14T11:51:01","date_gmt":"2016-10-14T11:51:01","guid":{"rendered":"http:\/\/wp.gekakonus.net\/?page_id=8"},"modified":"2026-01-19T04:50:53","modified_gmt":"2026-01-19T04:50:53","slug":"willkommen","status":"publish","type":"page","link":"https:\/\/gekakonus.net\/fr\/","title":{"rendered":"Homepage"},"content":{"rendered":"<p><\/p>\n<h2><\/h2>\n<p style=\"text-align: center;\"><img decoding=\"async\" loading=\"lazy\" class=\"size-medium wp-image-597 aligncenter\" src=\"https:\/\/wp.gekakonus.net\/wp-content\/uploads\/2017\/02\/display_text-300x59.png\" alt=\"\" width=\"300\" height=\"59\" srcset=\"https:\/\/gekakonus.net\/wp-content\/uploads\/2017\/02\/display_text-300x59.png 300w, https:\/\/gekakonus.net\/wp-content\/uploads\/2017\/02\/display_text.png 350w\" sizes=\"(max-width: 300px) 100vw, 300px\" \/><\/p>\n<h1 style=\"text-align: center;\"><span style=\"background-color: #ffffff;\">GekaKonus<sup><span class=\"text_klein\"><span style=\"font-size: small;\">\u00ae<\/span><\/span><\/sup> c&rsquo;est un fournisseur dirigeant au monde dans les secteurs<br \/>\nsuivants :<\/span><\/h1>\n<p style=\"text-align: center;\"><span style=\"background-color: #ffffff;\">Chaudi\u00e8res \u00e0 fluide thermique<br \/>\nChaudi\u00e8res \u00e0 vapeur haute pression<\/span><br \/>\n<span style=\"background-color: #ffffff;\">G\u00e9n\u00e9rateurs de vapeur haute pression<\/span><br \/>\n<span style=\"background-color: #ffffff;\"> G\u00e9n\u00e9rateurs de vaporisation rapide<\/span><br \/>\n<span style=\"background-color: #ffffff;\"> Chaudi\u00e8res \u00e0 gaz r\u00e9siduel<br \/>\nAccessoires<\/span><\/p>\n<p style=\"text-align: center;\"><span style=\"color: #ff0000;\">______________________________________________<\/span><\/p>\n<p style=\"text-align: center;\">\n<p><center><\/p>\n<p><!-- Unter dieser Zeile den HTML Code f\u00fcr Weihnachtsgr\u00fc\u00dfe einf\u00fcgen --><\/p>\n<p><\/center><\/p>\n<p><\/p>\n<p>&#8211;&gt;<\/p>","protected":false},"excerpt":{"rendered":"<p>GekaKonus\u00ae c&rsquo;est un fournisseur dirigeant au monde dans les secteurs suivants : Chaudi\u00e8res \u00e0 fluide thermique Chaudi\u00e8res \u00e0 vapeur haute pression G\u00e9n\u00e9rateurs de vapeur haute pression G\u00e9n\u00e9rateurs de vaporisation rapide Chaudi\u00e8res \u00e0 gaz r\u00e9siduel Accessoires ______________________________________________ &#8211;&gt;<\/p>\n","protected":false},"author":1,"featured_media":0,"parent":0,"menu_order":0,"comment_status":"closed","ping_status":"closed","template":"","meta":[],"aioseo_notices":[],"_links":{"self":[{"href":"https:\/\/gekakonus.net\/fr\/wp-json\/wp\/v2\/pages\/8"}],"collection":[{"href":"https:\/\/gekakonus.net\/fr\/wp-json\/wp\/v2\/pages"}],"about":[{"href":"https:\/\/gekakonus.net\/fr\/wp-json\/wp\/v2\/types\/page"}],"author":[{"embeddable":true,"href":"https:\/\/gekakonus.net\/fr\/wp-json\/wp\/v2\/users\/1"}],"replies":[{"embeddable":true,"href":"https:\/\/gekakonus.net\/fr\/wp-json\/wp\/v2\/comments?post=8"}],"version-history":[{"count":126,"href":"https:\/\/gekakonus.net\/fr\/wp-json\/wp\/v2\/pages\/8\/revisions"}],"predecessor-version":[{"id":3603,"href":"https:\/\/gekakonus.net\/fr\/wp-json\/wp\/v2\/pages\/8\/revisions\/3603"}],"wp:attachment":[{"href":"https:\/\/gekakonus.net\/fr\/wp-json\/wp\/v2\/media?parent=8"}],"curies":[{"name":"wp","href":"https:\/\/api.w.org\/{rel}","templated":true}]}}