{"id":8,"date":"2016-10-14T11:51:01","date_gmt":"2016-10-14T11:51:01","guid":{"rendered":"http:\/\/wp.gekakonus.net\/?page_id=8"},"modified":"2026-01-19T04:50:53","modified_gmt":"2026-01-19T04:50:53","slug":"willkommen","status":"publish","type":"page","link":"https:\/\/gekakonus.net\/ru\/","title":{"rendered":"\u0414\u043e\u0431\u0440\u043e \u043f\u043e\u0436\u0430\u043b\u043e\u0432\u0430\u0442\u044c"},"content":{"rendered":"<p><\/p>\n<h2 style=\"text-align: center;\"><\/h2>\n<h2><\/h2>\n<p style=\"text-align: center;\"><img decoding=\"async\" loading=\"lazy\" class=\"size-medium wp-image-597 aligncenter\" src=\"https:\/\/wp.gekakonus.net\/wp-content\/uploads\/2017\/02\/display_text-300x59.png\" alt=\"\" width=\"300\" height=\"59\" srcset=\"https:\/\/gekakonus.net\/wp-content\/uploads\/2017\/02\/display_text-300x59.png 300w, https:\/\/gekakonus.net\/wp-content\/uploads\/2017\/02\/display_text.png 350w\" sizes=\"(max-width: 300px) 100vw, 300px\" \/><\/p>\n<h1 style=\"text-align: center;\">GekaKonus\u00ae \u044f\u0432\u043b\u044f\u0435\u0442\u0441\u044f \u0432\u0435\u0434\u0443\u0448\u0438\u043c \u043f\u043e\u0441\u0442\u0430\u0432\u0449\u0438\u043a\u043e\u043c \u0432 \u0441\u043b\u0435\u0434\u0443\u044e\u0449\u0438\u0445 \u0441\u0435\u043a\u0442\u043e\u0440\u0430\u0445:<\/h1>\n<p style=\"text-align: center;\"><span style=\"background-color: #ffffff;\">\u0422\u0435\u0440\u043c\u043e\u043c\u0430\u0441\u043b\u044f\u043d\u043d\u043e\u0435 \u043e\u0431\u043e\u0440\u0443\u0434\u043e\u0432\u0430\u043d\u0438\u0435<br \/>\n\u041f\u0430\u0440\u043e\u0432\u043e\u0439 \u043a\u043e\u0442\u0435\u043b \u0432\u044b\u0441\u043e\u043a\u043e\u0433\u043e \u0434\u0430\u0432\u043b\u0435\u043d\u0438\u044f<\/span><br \/>\n<span style=\"background-color: #ffffff;\">\u041f\u0430\u0440\u043e\u0433\u0435\u043d\u0435\u0440\u0430\u0442\u043e\u0440 \u0432\u044b\u0441\u043e\u043a\u043e\u0433\u043e \u0434\u0430\u0432\u043b\u0435\u043d\u0438\u044f<\/span><br \/>\n<span style=\"background-color: #ffffff;\"> \u0421\u043a\u043e\u0440\u043e\u0441\u0442\u043d\u043e\u0439 \u043f\u0430\u0440\u043e\u0432\u043e\u0439 \u043a\u043e\u0442\u0435\u043b \u0432\u044b\u0441\u043e\u043a\u043e\u0433\u043e \u0434\u0430\u0432\u043b\u0435\u043d\u0438\u044f<\/span><br \/>\n<span style=\"background-color: #ffffff;\"> \u0422\u0435\u0440\u043c\u043e\u043c\u0430\u0441\u043b\u044f\u043d\u043d\u044b\u0435 \u0443\u0442\u0438\u043b\u0438\u0437\u0430\u0442\u043e\u0440\u043d\u044b\u0435 \u0441\u0438\u0441\u0442\u0435\u043c\u044b<br \/>\n\u041a\u043e\u043c\u043f\u043b\u0435\u043a\u0442\u0443\u044e\u0449\u0438\u0435 \u0438\u0437\u0434\u0435\u043b\u0438\u044f \u0434\u043b\u044f \u043e\u0431\u043e\u0440\u0443\u0434\u043e\u0432\u0430\u043d\u0438\u044f<\/span><\/p>\n<p style=\"text-align: center;\"><span style=\"color: #ff0000;\">______________________________________________<\/span><\/p>\n<p style=\"text-align: center;\">\n<p><center><\/p>\n<p><!-- Unter dieser Zeile den HTML Code f\u00fcr Weihnachtsgr\u00fc\u00dfe einf\u00fcgen --><\/p>\n<p><\/center><\/p>\n<p><\/p>\n<p>&#8212;&gt;<\/p>","protected":false},"excerpt":{"rendered":"<p>GekaKonus\u00ae \u044f\u0432\u043b\u044f\u0435\u0442\u0441\u044f \u0432\u0435\u0434\u0443\u0448\u0438\u043c \u043f\u043e\u0441\u0442\u0430\u0432\u0449\u0438\u043a\u043e\u043c \u0432 \u0441\u043b\u0435\u0434\u0443\u044e\u0449\u0438\u0445 \u0441\u0435\u043a\u0442\u043e\u0440\u0430\u0445: \u0422\u0435\u0440\u043c\u043e\u043c\u0430\u0441\u043b\u044f\u043d\u043d\u043e\u0435 \u043e\u0431\u043e\u0440\u0443\u0434\u043e\u0432\u0430\u043d\u0438\u0435 \u041f\u0430\u0440\u043e\u0432\u043e\u0439 \u043a\u043e\u0442\u0435\u043b \u0432\u044b\u0441\u043e\u043a\u043e\u0433\u043e \u0434\u0430\u0432\u043b\u0435\u043d\u0438\u044f \u041f\u0430\u0440\u043e\u0433\u0435\u043d\u0435\u0440\u0430\u0442\u043e\u0440 \u0432\u044b\u0441\u043e\u043a\u043e\u0433\u043e \u0434\u0430\u0432\u043b\u0435\u043d\u0438\u044f \u0421\u043a\u043e\u0440\u043e\u0441\u0442\u043d\u043e\u0439 \u043f\u0430\u0440\u043e\u0432\u043e\u0439 \u043a\u043e\u0442\u0435\u043b \u0432\u044b\u0441\u043e\u043a\u043e\u0433\u043e \u0434\u0430\u0432\u043b\u0435\u043d\u0438\u044f \u0422\u0435\u0440\u043c\u043e\u043c\u0430\u0441\u043b\u044f\u043d\u043d\u044b\u0435 \u0443\u0442\u0438\u043b\u0438\u0437\u0430\u0442\u043e\u0440\u043d\u044b\u0435 \u0441\u0438\u0441\u0442\u0435\u043c\u044b \u041a\u043e\u043c\u043f\u043b\u0435\u043a\u0442\u0443\u044e\u0449\u0438\u0435 \u0438\u0437\u0434\u0435\u043b\u0438\u044f \u0434\u043b\u044f \u043e\u0431\u043e\u0440\u0443\u0434\u043e\u0432\u0430\u043d\u0438\u044f ______________________________________________ &#8212;&gt;<\/p>\n","protected":false},"author":1,"featured_media":0,"parent":0,"menu_order":0,"comment_status":"closed","ping_status":"closed","template":"","meta":[],"aioseo_notices":[],"_links":{"self":[{"href":"https:\/\/gekakonus.net\/ru\/wp-json\/wp\/v2\/pages\/8"}],"collection":[{"href":"https:\/\/gekakonus.net\/ru\/wp-json\/wp\/v2\/pages"}],"about":[{"href":"https:\/\/gekakonus.net\/ru\/wp-json\/wp\/v2\/types\/page"}],"author":[{"embeddable":true,"href":"https:\/\/gekakonus.net\/ru\/wp-json\/wp\/v2\/users\/1"}],"replies":[{"embeddable":true,"href":"https:\/\/gekakonus.net\/ru\/wp-json\/wp\/v2\/comments?post=8"}],"version-history":[{"count":126,"href":"https:\/\/gekakonus.net\/ru\/wp-json\/wp\/v2\/pages\/8\/revisions"}],"predecessor-version":[{"id":3603,"href":"https:\/\/gekakonus.net\/ru\/wp-json\/wp\/v2\/pages\/8\/revisions\/3603"}],"wp:attachment":[{"href":"https:\/\/gekakonus.net\/ru\/wp-json\/wp\/v2\/media?parent=8"}],"curies":[{"name":"wp","href":"https:\/\/api.w.org\/{rel}","templated":true}]}}